{"id":1550,"date":"2025-06-09T14:56:42","date_gmt":"2025-06-09T14:56:42","guid":{"rendered":"https:\/\/morari-transport.de\/?page_id=1550"},"modified":"2025-06-17T12:50:38","modified_gmt":"2025-06-17T12:50:38","slug":"hermes","status":"publish","type":"page","link":"https:\/\/morari-transport.de\/de\/hermes\/","title":{"rendered":"Hermes"},"content":{"rendered":"<div data-elementor-type=\"wp-page\" data-elementor-id=\"1550\" class=\"elementor elementor-1550\" data-elementor-settings=\"{&quot;ha_cmc_init_switcher&quot;:&quot;no&quot;}\" data-elementor-post-type=\"page\">\n\t\t\t\t<div class=\"elementor-element elementor-element-08f0e75 e-con-full e-flex e-con e-parent\" data-id=\"08f0e75\" data-element_type=\"container\" data-e-type=\"container\" data-settings=\"{&quot;_ha_eqh_enable&quot;:false}\">\n\t\t\t\t<div class=\"elementor-element elementor-element-f6a7abe exad-sticky-section-no exad-glass-effect-no elementor-widget elementor-widget-image\" data-id=\"f6a7abe\" data-element_type=\"widget\" data-e-type=\"widget\" data-widget_type=\"image.default\">\n\t\t\t\t<div class=\"elementor-widget-container\">\n\t\t\t\t\t\t\t\t\t\t\t\t\t\t\t<img fetchpriority=\"high\" decoding=\"async\" width=\"2048\" height=\"1354\" src=\"https:\/\/morari-transport.de\/wp-content\/uploads\/2025\/06\/IMG_4076-1.jpg\" class=\"attachment-full size-full wp-image-1592\" alt=\"\" srcset=\"https:\/\/morari-transport.de\/wp-content\/uploads\/2025\/06\/IMG_4076-1.jpg 2048w, https:\/\/morari-transport.de\/wp-content\/uploads\/2025\/06\/IMG_4076-1-300x198.jpg 300w, https:\/\/morari-transport.de\/wp-content\/uploads\/2025\/06\/IMG_4076-1-1024x677.jpg 1024w, https:\/\/morari-transport.de\/wp-content\/uploads\/2025\/06\/IMG_4076-1-768x508.jpg 768w, https:\/\/morari-transport.de\/wp-content\/uploads\/2025\/06\/IMG_4076-1-1536x1016.jpg 1536w\" sizes=\"(max-width: 2048px) 100vw, 2048px\" \/>\t\t\t\t\t\t\t\t\t\t\t\t\t\t\t<\/div>\n\t\t\t\t<\/div>\n\t\t\t\t<\/div>\n\t\t<div class=\"elementor-element elementor-element-2b97bf4 e-flex e-con-boxed e-con e-parent\" data-id=\"2b97bf4\" data-element_type=\"container\" data-e-type=\"container\" data-settings=\"{&quot;_ha_eqh_enable&quot;:false}\">\n\t\t\t\t\t<div class=\"e-con-inner\">\n\t\t\t\t<div class=\"elementor-element elementor-element-2a4a1ab exad-sticky-section-no exad-glass-effect-no elementor-widget elementor-widget-ucaddon_vertical_curve_timeline\" data-id=\"2a4a1ab\" data-element_type=\"widget\" data-e-type=\"widget\" data-widget_type=\"ucaddon_vertical_curve_timeline.default\">\n\t\t\t\t<div class=\"elementor-widget-container\">\n\t\t\t\t\t\n<!-- start Vertical Curved Timeline -->\n\t\t<link id='font-awesome-css' href='https:\/\/morari-transport.de\/wp-content\/plugins\/unlimited-elements-for-elementor-premium\/assets_libraries\/font-awesome6\/fontawesome-all.min.css' type='text\/css' rel='stylesheet' >\n\t\t<link id='font-awesome-4-shim-css' href='https:\/\/morari-transport.de\/wp-content\/plugins\/unlimited-elements-for-elementor-premium\/assets_libraries\/font-awesome6\/fontawesome-v4-shims.min.css' type='text\/css' rel='stylesheet' >\n\n<style>\/* widget: Vertical Curved Timeline *\/\n\n#uc_vertical_curve_timeline_elementor_2a4a1ab.ue-container{\n  width: 100%;\n  display: flex;\n  align-items: center;\n}\n\n\/* Timeline Container *\/\n\n#uc_vertical_curve_timeline_elementor_2a4a1ab .ue-timeline {\n  width:100%;\n  margin: 0 auto;\n  padding: 0 20px;\n}\n\n#uc_vertical_curve_timeline_elementor_2a4a1ab .ue-item-image{\n  overflow:hidden;\n}\n\n#uc_vertical_curve_timeline_elementor_2a4a1ab .ue-item-image img{\n  width:100%;\n  height: 100%;\n  transition:0.3s;\n}\n\n\/* Card container *\/\n#uc_vertical_curve_timeline_elementor_2a4a1ab .ue-card {\n  position: relative;\n  display: flex;\n}\n\n#uc_vertical_curve_timeline_elementor_2a4a1ab .ue-slno{\n  border-radius: 50%;\n  position: absolute;\n  top: 50%;\n  left: 0;\n  transform: translate(-50%, -50%);\n  display: grid;\n  place-content: center;\n}\n\n\/* setting padding based on even or odd *\/\n  #uc_vertical_curve_timeline_elementor_2a4a1ab .ue-card:nth-child(odd) {\n    padding: 30px 0 30px 30px;\n  }\n  #uc_vertical_curve_timeline_elementor_2a4a1ab .ue-card:nth-child(even) {\n    padding: 30px 30px 30px 0;\n  }\n  \/* Global ::before *\/\n  #uc_vertical_curve_timeline_elementor_2a4a1ab .ue-card::before {\n    content: \"\";\n    position: absolute;\n    width: 50%;\n  }\n\n  \/* Setting the border of top, bottom, left *\/\n  #uc_vertical_curve_timeline_elementor_2a4a1ab .ue-card:nth-child(odd)::before {\n    left: 0px;\n    top: -5px;\n    bottom: -5px;\n    border-width: 5px 0 5px 5px;\n    border-radius: 20px 0 0 20px;\n  }\n\n  \/* Setting the top and bottom to \"-5px\" because earlier it was out of a pixel in mobile devices *\/\n  @media only screen and (max-width: 400px) {\n    #uc_vertical_curve_timeline_elementor_2a4a1ab .ue-card:nth-child(odd)::before {\n      top: -5px;\n      bottom: -5px;\n    }\n  }\n\n  \/* Setting the border of top, bottom, right *\/\n  #uc_vertical_curve_timeline_elementor_2a4a1ab .ue-card:nth-child(even)::before {\n    right: 0;\n    top: 0;\n    bottom: 0;\n    border-width: 5px 5px 5px 0;\n    border-radius: 0 20px 20px 0;\n  }\n\n  \/* Removing the border if it is the first card *\/\n  #uc_vertical_curve_timeline_elementor_2a4a1ab .ue-card:first-child::before {\n    border-top: 0;\n    border-top-left-radius: 0;\n  }\n\n  \/* Removing the border if it is the last card  and it's odd *\/\n  #uc_vertical_curve_timeline_elementor_2a4a1ab .ue-card:last-child:nth-child(odd)::before {\n    border-bottom: 0;\n    border-bottom-left-radius: 0;\n  }\n\n  \/* Removing the border if it is the last card  and it's even *\/\n  #uc_vertical_curve_timeline_elementor_2a4a1ab .ue-card:last-child:nth-child(even)::before {\n    border-bottom: 0;\n    border-bottom-right-radius: 0;\n  }\n\n  \/* Information about the timeline *\/\n  #uc_vertical_curve_timeline_elementor_2a4a1ab .ue-info {\n    display: flex;\n    flex-direction: column;\n    border-radius: 10px;\n    padding: 10px;\n    width: 100%;\n  }\n\n  \/* Title of the card *\/\n  #uc_vertical_curve_timeline_elementor_2a4a1ab .ue-title {\n    position: relative;\n  }\n\n  \/* Timeline dot  *\/\n\n  \/* text right if the card is even  *\/\n  #uc_vertical_curve_timeline_elementor_2a4a1ab .ue-card:nth-child(even) {\n    text-align: right;\n  }\n\n  #uc_vertical_curve_timeline_elementor_2a4a1ab .ue-card:nth-child(even) .ue-item-image{\n    margin-left: auto;\n  }\n\n  #uc_vertical_curve_timeline_elementor_2a4a1ab .ue-card:nth-child(even) .ue-info{\n    padding-right: 20px;\n    margin-left: auto;\n  }\n\n  #uc_vertical_curve_timeline_elementor_2a4a1ab .ue-card:nth-child(odd) .ue-info{\n    padding-left: 20px;\n  }\n\n  \/* setting dot to the left if the card is odd *\/\n  #uc_vertical_curve_timeline_elementor_2a4a1ab .ue-card:nth-child(odd) > .ue-info > .ue-title::before {\n    left: -45px;\n  }\n\n  #uc_vertical_curve_timeline_elementor_2a4a1ab .ue-card:nth-child(even) > .ue-slno{\n    right: 0%;\n    left: auto;\n    transform: translate(50%, -50%);\n    margin-right:2px;\n  }\n\n  #uc_vertical_curve_timeline_elementor_2a4a1ab .ue-card:nth-child(odd) > .ue-slno{\n    margin-left:2px;\n  }\n\n  #uc_vertical_curve_timeline_elementor_2a4a1ab .ue-card:nth-child(1)::before{\n    height: 50%;\n    top: auto;\n  }\n\n  #uc_vertical_curve_timeline_elementor_2a4a1ab .ue-card:last-child::before{\n    height: 50%;\n  }\n\n  #uc_vertical_curve_timeline_elementor_2a4a1ab .ue-button-link{\n    width:fit-content;\n    z-index: 100;\n  }\n\n  #uc_vertical_curve_timeline_elementor_2a4a1ab .ue-card:nth-child(even) .ue-button-link {\n    margin-left:auto;\n  }\n\n\n\n<\/style>\n\n<div id=\"uc_vertical_curve_timeline_elementor_2a4a1ab\" class=\"ue-container\">\n  <div class=\"ue-timeline\">\n    <div class=\"ue-outer\">              \n      <div class=\"ue-card elementor-repeater-item-29657e0\">\n  \n  <div class=\"ue-slno\">\n    1          \n  <\/div>\n  \n  <div class=\"ue-info\">\n          \t\n    <h3 class=\"ue-title\">T\u00e4tigkeitsbeschreibung<\/h3>        <div class=\"ue-description\"><p class=\"translation-block\">Die T\u00e4tigkeit in der Hermes-Abteilung der Firma Morari Transport GmbH ist eine stabile \nund klar organisierte Arbeit im Bereich Kurierdienst. Unsere Mitarbeiter liefern t\u00e4glich Pakete \nan Kunden in Berlin und Magdeburg. Die Aufgaben umfassen:<\/p><p class=\"translation-block\">\u25cf Entgegennahme der bereits vorsortierten Pakete im Hermes-Lager <br>\n\u25cf Beladung des Fahrzeugs mit den Paketen <br>\n\u25cf Nutzung eines professionellen Scanners, in den bereits geladen sind: <br>\n\u25cb Lieferroute <br>\n\u25cb Kundendaten <br>\n\u25cb Navigation und Karten<br> \n\u25cb Scan- und Empfangsbest\u00e4tigung Funktionen<br> \n\u25cf Kurierzustellung von Bestellungen (zwischen 80 und 180 Sendungen pro Tag)<br> \n\u25cf Kommunikation mit dem Support-Team bei Bedarf<br><\/p><p>\u3164\u3164\u3164<br \/>Jedem Mitarbeiter wird ein vollst\u00e4ndig ausgestattetes Firmenfahrzeug mit Navigation und \nallem Notwendigen f\u00fcr eine komfortable Arbeit zur Verf\u00fcgung gestellt.<\/p><\/div>      <\/div>\n<\/div>\n<div class=\"ue-card elementor-repeater-item-a79b9dc\">\n  \n  <div class=\"ue-slno\">\n    2          \n  <\/div>\n  \n  <div class=\"ue-info\">\n                  <div class=\"ue-item-image\">\n          <img decoding=\"async\" src=\"https:\/\/morari-transport.de\/wp-content\/uploads\/2025\/06\/Hermes_VW_eCrafter-1-768x432.jpg\" alt=\" \u041a\u0430\u043a\u0438\u0435 \u0434\u043e\u043a\u0443\u043c\u0435\u043d\u0442\u044b \u043d\u0443\u0436\u043d\u044b \u0434\u043b\u044f \u0442\u0440\u0443\u0434\u043e\u0443\u0441\u0442\u0440\u043e\u0439\u0441\u0442\u0432\u0430\">\n      \t<\/div>\n                \t\n    <h3 class=\"ue-title\"> Erforderliche Unterlagen f\u00fcr die Anstellung<\/h3>        <div class=\"ue-description\"><p>\u00a0F\u00fcr eine offizielle Anstellung als Kurier werden folgende Dokumente ben\u00f6tigt:<\/p><p class=\"translation-block\">\u25cf Reisepass oder EU-ID-Karte (f\u00fcr Nicht-EU-B\u00fcrger: Aufenthaltstitel und \nArbeitserlaubnis) <br>\n\u25cf F\u00fchrungszeugnis (beantragbar im B\u00fcrgeramt oder online) <br>\n\u25cf F\u00fchrerschein der Klasse B (mindestens 6 Monate g\u00fcltig) <br>\n\u25cf Anmeldung des Wohnsitzes in Deutschland (Anmeldebest\u00e4tigung)<br> \n\u25cf G\u00fcltige Krankenversicherung <br>\n\u25cf IBAN (deutsches oder europ\u00e4isches Bankkonto)<\/p><p class=\"translation-block\">Wenn Sie gerade erst in Deutschland angekommen sind, hilft Ihnen unser Unternehmen \nkostenlos bei der Beantragung aller erforderlichen Dokumente. Wir begleiten Sie in \nallen Phasen und erkl\u00e4ren jeden Schritt. \nDar\u00fcber hinaus stellen wir Unterkunft f\u00fcr Mitarbeiter zur Verf\u00fcgung, die noch keine feste \nWohnung gefunden haben.<\/p><\/div>      <\/div>\n<\/div>\n<div class=\"ue-card elementor-repeater-item-851b29d\">\n  \n  <div class=\"ue-slno\">\n    3          \n  <\/div>\n  \n  <div class=\"ue-info\">\n                  <div class=\"ue-item-image\">\n          <img decoding=\"async\" src=\"https:\/\/morari-transport.de\/wp-content\/uploads\/2025\/06\/sklad-dlya-biznesa-1024x683-1-768x512.jpg\" alt=\"\u0421\u0442\u0430\u0436\u0438\u0440\u043e\u0432\u043a\u0430\">\n      \t<\/div>\n                \t\n    <h3 class=\"ue-title\">Schulung (Einarbeitung)<\/h3>        <div class=\"ue-description\"><p>Jeder neue Mitarbeiter durchl\u00e4uft ein Praktikum von 2 bis 5 Tagen, das Folgendes \nbeinhaltet:<\/p><p>\u25cf Theoretische Schulung zur Arbeit mit dem Scanner<br \/>\u25cf Begleitung durch einen erfahrenen Kurier auf der Tour<br \/>\u25cf Kennenlernen der Route, Beladung und Entladung<br \/>\u25cf Training im Kundenumgang<\/p><p><strong>Das Praktikum ist unbezahlt.<\/strong><br \/>Die Schulung erfolgt auf <strong>Russisch, Rum\u00e4nisch und Deutsch.<\/strong><\/p><\/div>      <\/div>\n<\/div>\n<div class=\"ue-card elementor-repeater-item-f3cad1a\">\n  \n  <div class=\"ue-slno\">\n    4          \n  <\/div>\n  \n  <div class=\"ue-info\">\n                  <div class=\"ue-item-image\">\n          <img decoding=\"async\" src=\"https:\/\/morari-transport.de\/wp-content\/uploads\/2025\/06\/IMG_4056-1-768x525.jpg\" alt=\"\u0411\u0435\u0437\u043b\u0438\u043c\u0438\u0442\u043d\u044b\u0439 \u043a\u043e\u043d\u0442\u0440\u0430\u043a\u0442\">\n      \t<\/div>\n                \t\n    <h3 class=\"ue-title\">Unbefristeter Vertrag<\/h3>        <div class=\"ue-description\"><p class=\"translation-block\">Nach Abschluss des Praktikums und erfolgreicher Einarbeitung im ersten Arbeitsmonat \nbieten wir einen unbefristeten Arbeitsvertrag an. Dieser garantiert:<\/p><p class=\"translation-block\">\u25cf Offizielle Anstellung<br> \n\u25cf Vollst\u00e4ndiges Sozialpaket (Krankenversicherung, Urlaub, Krankentage) <br>\n\u25cf Stabile und p\u00fcnktliche Bezahlung <br>\n\u25cf St\u00e4ndige Unterst\u00fctzung durch das Team und den Support \u2013 7 Tage die Woche<\/p><p class=\"translation-block\">Morari Transport GmbH \u2013 das bedeutet Stabilit\u00e4t, Respekt gegen\u00fcber den Mitarbeitern \nund Zuversicht in die Zukunft.<\/p><\/div>      <\/div>\n<\/div>\n\n    <\/div>\n  <\/div>\n<\/div>\n<!-- end Vertical Curved Timeline -->\t\t\t\t<\/div>\n\t\t\t\t<\/div>\n\t\t\t\t\t<\/div>\n\t\t\t\t<\/div>\n\t\t\t\t<\/div>","protected":false},"excerpt":{"rendered":"<p>1 \u0412 \u0447\u0451\u043c \u0437\u0430\u043a\u043b\u044e\u0447\u0430\u0435\u0442\u0441\u044f \u0440\u0430\u0431\u043e\u0442\u0430 \u00a0\u0420\u0430\u0431\u043e\u0442\u0430 \u0432 \u043f\u043e\u0434\u0440\u0430\u0437\u0434\u0435\u043b\u0435\u043d\u0438\u0438 Hermes \u043a\u043e\u043c\u043f\u0430\u043d\u0438\u0438 Morari Transport GmbH \u2014 \u044d\u0442\u043e \u0441\u0442\u0430\u0431\u0438\u043b\u044c\u043d\u0430\u044f \u0438 \u0447\u0451\u0442\u043a\u043e\u043e\u0440\u0433\u0430\u043d\u0438\u0437\u043e\u0432\u0430\u043d\u043d\u0430\u044f \u0434\u0435\u044f\u0442\u0435\u043b\u044c\u043d\u043e\u0441\u0442\u044c \u0432 \u0441\u0444\u0435\u0440\u0435 \u043a\u0443\u0440\u044c\u0435\u0440\u0441\u043a\u043e\u0439 \u0434\u043e\u0441\u0442\u0430\u0432\u043a\u0438. \u041d\u0430\u0448\u0438 \u0441\u043e\u0442\u0440\u0443\u0434\u043d\u0438\u043a\u0438 \u0435\u0436\u0435\u0434\u043d\u0435\u0432\u043d\u043e\u0434\u043e\u0441\u0442\u0430\u0432\u043b\u044f\u044e\u0442 \u043f\u043e\u0441\u044b\u043b\u043a\u0438 \u043a\u043b\u0438\u0435\u043d\u0442\u0430\u043c \u0432 \u0411\u0435\u0440\u043b\u0438\u043d\u0435 \u0438 \u041c\u0430\u0433\u0434\u0435\u0431\u0443\u0440\u0433\u0435. \u0417\u0430\u0434\u0430\u0447\u0438 \u0432\u043a\u043b\u044e\u0447\u0430\u044e\u0442: \u2022 \u041f\u043e\u043b\u0443\u0447\u0435\u043d\u0438\u0435 \u0443\u0436\u0435 \u043e\u0442\u0441\u043e\u0440\u0442\u0438\u0440\u043e\u0432\u0430\u043d\u043d\u044b\u0445 \u043f\u043e\u0441\u044b\u043b\u043e\u043a \u043d\u0430\u0441\u043a\u043b\u0430\u0434\u0435 Hermes;\u2022 \u0417\u0430\u0433\u0440\u0443\u0437\u043a\u0430 \u043f\u043e\u0441\u044b\u043b\u043e\u043a \u0432 \u0430\u0432\u0442\u043e\u043c\u043e\u0431\u0438\u043b\u044c;\u2022 \u0418\u0441\u043f\u043e\u043b\u044c\u0437\u043e\u0432\u0430\u043d\u0438\u0435 \u043f\u0440\u043e\u0444\u0435\u0441\u0441\u0438\u043e\u043d\u0430\u043b\u044c\u043d\u043e\u0433\u043e \u0441\u043a\u0430\u043d\u0435\u0440\u0430, \u0432 \u043a\u043e\u0442\u043e\u0440\u044b\u0439 \u0443\u0436\u0435 \u0437\u0430\u0433\u0440\u0443\u0436\u0435\u043d\u044b:\u00a0 \u00a0 \u00a0 \u00a0\u2022 [&hellip;]<\/p>\n","protected":false},"author":1,"featured_media":0,"parent":0,"menu_order":0,"comment_status":"closed","ping_status":"closed","template":"elementor_header_footer","meta":{"_glsr_average":0,"_glsr_ranking":0,"_glsr_reviews":0,"footnotes":""},"class_list":["post-1550","page","type-page","status-publish","hentry"],"_links":{"self":[{"href":"https:\/\/morari-transport.de\/de\/wp-json\/wp\/v2\/pages\/1550","targetHints":{"allow":["GET"]}}],"collection":[{"href":"https:\/\/morari-transport.de\/de\/wp-json\/wp\/v2\/pages"}],"about":[{"href":"https:\/\/morari-transport.de\/de\/wp-json\/wp\/v2\/types\/page"}],"author":[{"embeddable":true,"href":"https:\/\/morari-transport.de\/de\/wp-json\/wp\/v2\/users\/1"}],"replies":[{"embeddable":true,"href":"https:\/\/morari-transport.de\/de\/wp-json\/wp\/v2\/comments?post=1550"}],"version-history":[{"count":30,"href":"https:\/\/morari-transport.de\/de\/wp-json\/wp\/v2\/pages\/1550\/revisions"}],"predecessor-version":[{"id":2171,"href":"https:\/\/morari-transport.de\/de\/wp-json\/wp\/v2\/pages\/1550\/revisions\/2171"}],"wp:attachment":[{"href":"https:\/\/morari-transport.de\/de\/wp-json\/wp\/v2\/media?parent=1550"}],"curies":[{"name":"wp","href":"https:\/\/api.w.org\/{rel}","templated":true}]}}