{"id":1554,"date":"2025-06-09T14:57:01","date_gmt":"2025-06-09T14:57:01","guid":{"rendered":"https:\/\/morari-transport.de\/?page_id=1554"},"modified":"2025-06-17T05:19:11","modified_gmt":"2025-06-17T05:19:11","slug":"morari-logistik","status":"publish","type":"page","link":"https:\/\/morari-transport.de\/de\/morari-logistik\/","title":{"rendered":"Morari Logistik"},"content":{"rendered":"<div data-elementor-type=\"wp-page\" data-elementor-id=\"1554\" class=\"elementor elementor-1554\" data-elementor-settings=\"{&quot;ha_cmc_init_switcher&quot;:&quot;no&quot;}\" data-elementor-post-type=\"page\">\n\t\t\t\t\t\t<section data-exad-particle-enable=\"false\" class=\"elementor-section elementor-top-section elementor-element elementor-element-d9ec792 elementor-section-full_width elementor-section-height-default elementor-section-height-default exad-parallax-effect-no exad-background-color-change-no exad-glass-effect-no exad-sticky-section-no\" data-id=\"d9ec792\" data-element_type=\"section\" data-e-type=\"section\" data-settings=\"{&quot;_ha_eqh_enable&quot;:false}\">\n\t\t\t\t\t\t<div class=\"elementor-container elementor-column-gap-default\">\n\t\t\t\t\t<div class=\"elementor-column elementor-col-100 elementor-top-column elementor-element elementor-element-d9d6d4a exad-glass-effect-no exad-sticky-section-no\" data-id=\"d9d6d4a\" data-element_type=\"column\" data-e-type=\"column\">\n\t\t\t<div class=\"elementor-widget-wrap elementor-element-populated\">\n\t\t\t\t\t\t<div class=\"elementor-element elementor-element-a1c14d4 exad-sticky-section-no exad-glass-effect-no elementor-widget elementor-widget-copic_get_quote_form\" data-id=\"a1c14d4\" data-element_type=\"widget\" data-e-type=\"widget\" data-widget_type=\"copic_get_quote_form.default\">\n\t\t\t\t<div class=\"elementor-widget-container\">\n\t\t\t\t\t\t\r\n    <div class=\"request-quote-area pt-120 pb-120 pt-lg-80 pb-lg-80 pt-md-60 pb-md-60 pt-xs-60 pb-xs-60\">\r\n       <div class=\"container\">\r\n           <div class=\"quote-info-wrapper\">\r\n                \n<div class=\"wpcf7 no-js\" id=\"wpcf7-f841-o1\" lang=\"en-US\" dir=\"ltr\" data-wpcf7-id=\"841\">\n<div class=\"screen-reader-response\"><p role=\"status\" aria-live=\"polite\" aria-atomic=\"true\"><\/p> <ul><\/ul><\/div>\n<form action=\"\/de\/wp-json\/wp\/v2\/pages\/1554#wpcf7-f841-o1\" method=\"post\" class=\"wpcf7-form init\" aria-label=\"Contact form\" novalidate=\"novalidate\" data-status=\"init\" data-trp-original-action=\"\/de\/wp-json\/wp\/v2\/pages\/1554#wpcf7-f841-o1\">\n<fieldset class=\"hidden-fields-container\"><input type=\"hidden\" name=\"_wpcf7\" value=\"841\" \/><input type=\"hidden\" name=\"_wpcf7_version\" value=\"6.1.5\" \/><input type=\"hidden\" name=\"_wpcf7_locale\" value=\"en_US\" \/><input type=\"hidden\" name=\"_wpcf7_unit_tag\" value=\"wpcf7-f841-o1\" \/><input type=\"hidden\" name=\"_wpcf7_container_post\" value=\"0\" \/><input type=\"hidden\" name=\"_wpcf7_posted_data_hash\" value=\"\" \/>\n<\/fieldset>\n<div class=\"row\">\n\t<div class=\"col-lg-6\">\n\t\t<h3 class=\"quotes-title\">Abholort\n\t\t<\/h3>\n\t\t<div class=\"from-place mb-30\">\n\t\t\t<div class=\"origin-place\">\n\t\t\t\t<p>REGION\n\t\t\t\t<\/p>\n\t\t\t\t<p><span class=\"wpcf7-form-control-wrap\" data-name=\"menu-276\"><select class=\"wpcf7-form-control wpcf7-select\" aria-invalid=\"false\" name=\"menu-276\"><option value=\"W\u00e4hlen Sie eine Region\">W\u00e4hlen Sie eine Region<\/option><option value=\"EU\">EU<\/option><option value=\"SNG\">GUS-Staaten<\/option><\/select><\/span>\n\t\t\t\t<\/p>\n\t\t\t<\/div>\n\t\t\t<div class=\"quantity q-style1\">\n\t\t\t\t<p>LAND\n\t\t\t\t<\/p>\n\t\t\t\t<p><input type=\"text\" class=\"qty-input\" placeholder=\"LAND\" \/><button class=\"quantity-minus qut-btn\"><i class=\"far fa-chevron-down\"><\/i><\/button><button class=\"quantity-plus qut-btn\"><i class=\"far fa-chevron-up\"><\/i><\/button>\n\t\t\t\t<\/p>\n\t\t\t<\/div>\n\t\t<\/div>\n\t<\/div>\n\t<div class=\"col-lg-6\">\n\t\t<h3 class=\"quotes-title\">Zielort der Lieferung\n\t\t<\/h3>\n\t\t<div class=\"from-place mb-30\">\n\t\t\t<div class=\"origin-place mb-30\">\n\t\t\t\t<p>REGION\n\t\t\t\t<\/p>\n\t\t\t\t<p><span class=\"wpcf7-form-control-wrap\" data-name=\"menu-389\"><select class=\"wpcf7-form-control wpcf7-select\" aria-invalid=\"false\" name=\"menu-389\"><option value=\"W\u00e4hlen Sie eine Region\">W\u00e4hlen Sie eine Region<\/option><option value=\"EU\">EU<\/option><option value=\"SNG\">GUS-Staaten<\/option><\/select><\/span>\n\t\t\t\t<\/p>\n\t\t\t<\/div>\n\t\t\t<div class=\"quantity q-style1\">\n\t\t\t\t<p>LAND\n\t\t\t\t<\/p>\n\t\t\t\t<p><input type=\"text\" class=\"qty-input\" placeholder=\"LAND\" \/><button class=\"quantity-minus qut-btn\"><i class=\"far fa-chevron-down\"><\/i><\/button><button class=\"quantity-plus qut-btn\"><i class=\"far fa-chevron-up\"><\/i><\/button>\n\t\t\t\t<\/p>\n\t\t\t<\/div>\n\t\t<\/div>\n\t<\/div>\n<\/div>\n<div class=\"row\">\n\t<div class=\"col-lg-6\">\n\t\t<div class=\"from-place mb-30\">\n\t\t\t<div class=\"quantity q-style1\">\n\t\t\t\t<p><input type=\"text\" class=\"qty-input\" placeholder=\"STADT\" \/><button class=\"quantity-minus qut-btn\"><i class=\"far fa-chevron-down\"><\/i><\/button><button class=\"quantity-plus qut-btn\"><i class=\"far fa-chevron-up\"><\/i><\/button>\n\t\t\t\t<\/p>\n\t\t\t<\/div>\n\t\t\t<div class=\"quantity q-style1\">\n\t\t\t\t<p><input type=\"text\" class=\"qty-input\" placeholder=\"STRASSE & POSTLEITZAHL \" \/><button class=\"quantity-minus qut-btn\"><i class=\"far fa-chevron-down\"><\/i><\/button><button class=\"quantity-plus qut-btn\"><i class=\"far fa-chevron-up\"><\/i><\/button>\n\t\t\t\t<\/p>\n\t\t\t<\/div>\n\t\t<\/div>\n\t<\/div>\n\t<div class=\"col-lg-6\">\n\t\t<div class=\"from-place mb-30\">\n\t\t\t<div class=\"quantity q-style1\">\n\t\t\t\t<p><input type=\"text\" class=\"qty-input\" placeholder=\"STADT\" \/><button class=\"quantity-minus qut-btn\"><i class=\"far fa-chevron-down\"><\/i><\/button><button class=\"quantity-plus qut-btn\"><i class=\"far fa-chevron-up\"><\/i><\/button>\n\t\t\t\t<\/p>\n\t\t\t<\/div>\n\t\t\t<div class=\"quantity q-style1\">\n\t\t\t\t<p><input type=\"text\" class=\"qty-input\" placeholder=\"STRASSE & POSTLEITZAHL \" \/><button class=\"quantity-minus qut-btn\"><i class=\"far fa-chevron-down\"><\/i><\/button><button class=\"quantity-plus qut-btn\"><i class=\"far fa-chevron-up\"><\/i><\/button>\n\t\t\t\t<\/p>\n\t\t\t<\/div>\n\t\t<\/div>\n\t<\/div>\n<\/div>\n<div class=\"row\">\n\t<div class=\"col-lg-6\">\n\t\t<h3 class=\"quotes-title\">Angaben zur Ware\n\t\t<\/h3>\n\t\t<div class=\"from-place mb-30\">\n\t\t\t<div class=\"quantity q-style1\">\n\t\t\t\t<p>GEWICHT IN KILOGRAMM (KG)\n\t\t\t\t<\/p>\n\t\t\t\t<p><input type=\"number\" class=\"qty-input\" placeholder=\"10\" \/><button class=\"quantity-minus qut-btn\"><i class=\"far fa-chevron-down\"><\/i><\/button><button class=\"quantity-plus qut-btn\"><i class=\"far fa-chevron-up\"><\/i><\/button>\n\t\t\t\t<\/p>\n\t\t\t<\/div>\n\t\t\t<div class=\"quantity q-style1\">\n\t\t\t\t<p>ANZAHL DER PALETTEN\n\t\t\t\t<\/p>\n\t\t\t\t<p><input type=\"number\" class=\"qty-input\" placeholder=\"1\" \/><button class=\"quantity-minus qut-btn\"><i class=\"far fa-chevron-down\"><\/i><\/button><button class=\"quantity-plus qut-btn\"><i class=\"far fa-chevron-up\"><\/i><\/button>\n\t\t\t\t<\/p>\n\t\t\t<\/div>\n\t\t<\/div>\n\t<\/div>\n\t<div class=\"col-lg-6\">\n\t\t<h3 class=\"quotes-title\">Kontaktinformationen\n\t\t<\/h3>\n\t\t<div class=\"from-place mb-30\">\n\t\t\t<div class=\"quantity q-style1\">\n\t\t\t\t<p>IHRE E-MAIL\n\t\t\t\t<\/p>\n\t\t\t\t<p><input type=\"email\" class=\"qty-input\" placeholder=\"example@gmail.com\" \/><button class=\"quantity-minus qut-btn\"><i class=\"far fa-chevron-down\"><\/i><\/button><button class=\"quantity-plus qut-btn\"><i class=\"far fa-chevron-up\"><\/i><\/button>\n\t\t\t\t<\/p>\n\t\t\t<\/div>\n\t\t\t<div class=\"quantity q-style1\">\n\t\t\t\t<p>IHRE TELEFONNUMMER\n\t\t\t\t<\/p>\n\t\t\t\t<p><input type=\"text\" class=\"qty-input\" placeholder=\"1-000-000\" \/><button class=\"quantity-minus qut-btn\"><i class=\"far fa-chevron-down\"><\/i><\/button><button class=\"quantity-plus qut-btn\"><i class=\"far fa-chevron-up\"><\/i><\/button>\n\t\t\t\t<\/p>\n\t\t\t<\/div>\n\t\t<\/div>\n\t<\/div>\n<\/div>\n<div class=\"row\">\n\t<div class=\"col-lg-12 col-md-12 text-md-end\">\n\t\t<div class=\"total-count-box mt-30 mr-20\">\n\t\t\t<p><input class=\"wpcf7-form-control wpcf7-submit has-spinner theme_btn black-btn rounded-1\" type=\"submit\" value=\"Angebot anfordern\" \/>\n\t\t\t<\/p>\n\t\t<\/div>\n\t<\/div>\n<\/div><div class=\"wpcf7-response-output\" aria-hidden=\"true\"><\/div>\n<input type=\"hidden\" name=\"trp-form-language\" value=\"de\"\/><\/form>\n<\/div>\n           <\/div>\r\n       <\/div>\r\n    <\/div>\r\n                    \r\n    \t\t\t\t<\/div>\n\t\t\t\t<\/div>\n\t\t\t\t\t<\/div>\n\t\t<\/div>\n\t\t\t\t\t<\/div>\n\t\t<\/section>\n\t\t<div class=\"elementor-element elementor-element-5a4febe e-flex e-con-boxed e-con e-parent\" data-id=\"5a4febe\" data-element_type=\"container\" data-e-type=\"container\" data-settings=\"{&quot;_ha_eqh_enable&quot;:false}\">\n\t\t\t\t\t<div class=\"e-con-inner\">\n\t\t\t\t<div class=\"elementor-element elementor-element-559aac0 exad-sticky-section-no exad-glass-effect-no elementor-widget elementor-widget-ucaddon_vertical_curve_timeline\" data-id=\"559aac0\" data-element_type=\"widget\" data-e-type=\"widget\" data-widget_type=\"ucaddon_vertical_curve_timeline.default\">\n\t\t\t\t<div class=\"elementor-widget-container\">\n\t\t\t\t\t\n<!-- start Vertical Curved Timeline -->\n\t\t<link id='font-awesome-css' href='https:\/\/morari-transport.de\/wp-content\/plugins\/unlimited-elements-for-elementor-premium\/assets_libraries\/font-awesome6\/fontawesome-all.min.css' type='text\/css' rel='stylesheet' >\n\t\t<link id='font-awesome-4-shim-css' href='https:\/\/morari-transport.de\/wp-content\/plugins\/unlimited-elements-for-elementor-premium\/assets_libraries\/font-awesome6\/fontawesome-v4-shims.min.css' type='text\/css' rel='stylesheet' >\n\n<style>\/* widget: Vertical Curved Timeline *\/\n\n#uc_vertical_curve_timeline_elementor_559aac0.ue-container{\n  width: 100%;\n  display: flex;\n  align-items: center;\n}\n\n\/* Timeline Container *\/\n\n#uc_vertical_curve_timeline_elementor_559aac0 .ue-timeline {\n  width:100%;\n  margin: 0 auto;\n  padding: 0 20px;\n}\n\n#uc_vertical_curve_timeline_elementor_559aac0 .ue-item-image{\n  overflow:hidden;\n}\n\n#uc_vertical_curve_timeline_elementor_559aac0 .ue-item-image img{\n  width:100%;\n  height: 100%;\n  transition:0.3s;\n}\n\n\/* Card container *\/\n#uc_vertical_curve_timeline_elementor_559aac0 .ue-card {\n  position: relative;\n  display: flex;\n}\n\n#uc_vertical_curve_timeline_elementor_559aac0 .ue-slno{\n  border-radius: 50%;\n  position: absolute;\n  top: 50%;\n  left: 0;\n  transform: translate(-50%, -50%);\n  display: grid;\n  place-content: center;\n}\n\n\/* setting padding based on even or odd *\/\n  #uc_vertical_curve_timeline_elementor_559aac0 .ue-card:nth-child(odd) {\n    padding: 30px 0 30px 30px;\n  }\n  #uc_vertical_curve_timeline_elementor_559aac0 .ue-card:nth-child(even) {\n    padding: 30px 30px 30px 0;\n  }\n  \/* Global ::before *\/\n  #uc_vertical_curve_timeline_elementor_559aac0 .ue-card::before {\n    content: \"\";\n    position: absolute;\n    width: 50%;\n  }\n\n  \/* Setting the border of top, bottom, left *\/\n  #uc_vertical_curve_timeline_elementor_559aac0 .ue-card:nth-child(odd)::before {\n    left: 0px;\n    top: -5px;\n    bottom: -5px;\n    border-width: 5px 0 5px 5px;\n    border-radius: 20px 0 0 20px;\n  }\n\n  \/* Setting the top and bottom to \"-5px\" because earlier it was out of a pixel in mobile devices *\/\n  @media only screen and (max-width: 400px) {\n    #uc_vertical_curve_timeline_elementor_559aac0 .ue-card:nth-child(odd)::before {\n      top: -5px;\n      bottom: -5px;\n    }\n  }\n\n  \/* Setting the border of top, bottom, right *\/\n  #uc_vertical_curve_timeline_elementor_559aac0 .ue-card:nth-child(even)::before {\n    right: 0;\n    top: 0;\n    bottom: 0;\n    border-width: 5px 5px 5px 0;\n    border-radius: 0 20px 20px 0;\n  }\n\n  \/* Removing the border if it is the first card *\/\n  #uc_vertical_curve_timeline_elementor_559aac0 .ue-card:first-child::before {\n    border-top: 0;\n    border-top-left-radius: 0;\n  }\n\n  \/* Removing the border if it is the last card  and it's odd *\/\n  #uc_vertical_curve_timeline_elementor_559aac0 .ue-card:last-child:nth-child(odd)::before {\n    border-bottom: 0;\n    border-bottom-left-radius: 0;\n  }\n\n  \/* Removing the border if it is the last card  and it's even *\/\n  #uc_vertical_curve_timeline_elementor_559aac0 .ue-card:last-child:nth-child(even)::before {\n    border-bottom: 0;\n    border-bottom-right-radius: 0;\n  }\n\n  \/* Information about the timeline *\/\n  #uc_vertical_curve_timeline_elementor_559aac0 .ue-info {\n    display: flex;\n    flex-direction: column;\n    border-radius: 10px;\n    padding: 10px;\n    width: 100%;\n  }\n\n  \/* Title of the card *\/\n  #uc_vertical_curve_timeline_elementor_559aac0 .ue-title {\n    position: relative;\n  }\n\n  \/* Timeline dot  *\/\n\n  \/* text right if the card is even  *\/\n  #uc_vertical_curve_timeline_elementor_559aac0 .ue-card:nth-child(even) {\n    text-align: right;\n  }\n\n  #uc_vertical_curve_timeline_elementor_559aac0 .ue-card:nth-child(even) .ue-item-image{\n    margin-left: auto;\n  }\n\n  #uc_vertical_curve_timeline_elementor_559aac0 .ue-card:nth-child(even) .ue-info{\n    padding-right: 20px;\n    margin-left: auto;\n  }\n\n  #uc_vertical_curve_timeline_elementor_559aac0 .ue-card:nth-child(odd) .ue-info{\n    padding-left: 20px;\n  }\n\n  \/* setting dot to the left if the card is odd *\/\n  #uc_vertical_curve_timeline_elementor_559aac0 .ue-card:nth-child(odd) > .ue-info > .ue-title::before {\n    left: -45px;\n  }\n\n  #uc_vertical_curve_timeline_elementor_559aac0 .ue-card:nth-child(even) > .ue-slno{\n    right: 0%;\n    left: auto;\n    transform: translate(50%, -50%);\n    margin-right:2px;\n  }\n\n  #uc_vertical_curve_timeline_elementor_559aac0 .ue-card:nth-child(odd) > .ue-slno{\n    margin-left:2px;\n  }\n\n  #uc_vertical_curve_timeline_elementor_559aac0 .ue-card:nth-child(1)::before{\n    height: 50%;\n    top: auto;\n  }\n\n  #uc_vertical_curve_timeline_elementor_559aac0 .ue-card:last-child::before{\n    height: 50%;\n  }\n\n  #uc_vertical_curve_timeline_elementor_559aac0 .ue-button-link{\n    width:fit-content;\n    z-index: 100;\n  }\n\n  #uc_vertical_curve_timeline_elementor_559aac0 .ue-card:nth-child(even) .ue-button-link {\n    margin-left:auto;\n  }\n\n\n\n<\/style>\n\n<div id=\"uc_vertical_curve_timeline_elementor_559aac0\" class=\"ue-container\">\n  <div class=\"ue-timeline\">\n    <div class=\"ue-outer\">              \n      <div class=\"ue-card elementor-repeater-item-29657e0\">\n  \n  <div class=\"ue-slno\">\n    1          \n  <\/div>\n  \n  <div class=\"ue-info\">\n          \t\n    <h3 class=\"ue-title\">\u00dcber das Unternehmen<\/h3>        <div class=\"ue-description\"><p class=\"translation-block\">Morari Logistik ist eine interne Abteilung der Morari Transport GmbH, die sich auf \nnationale und internationale G\u00fctertransporte spezialisiert hat. \nWir liefern in ganz Deutschland sowie in europ\u00e4ische L\u00e4nder und die GUS-Staaten. \nSchnelle, zuverl\u00e4ssige und sichere Logistik ist das Fundament unserer Arbeit. Unser Ziel ist \nes, stabile und kosteng\u00fcnstige Transportl\u00f6sungen unabh\u00e4ngig von der Route zu \ngew\u00e4hrleisten.<\/p><\/div>      <\/div>\n<\/div>\n<div class=\"ue-card elementor-repeater-item-a79b9dc\">\n  \n  <div class=\"ue-slno\">\n    2          \n  <\/div>\n  \n  <div class=\"ue-info\">\n          \t\n    <h3 class=\"ue-title\">Leistungsbereiche<\/h3>        <div class=\"ue-description\"><p>Wir bieten ein breites Spektrum an Transport- und Logistikdienstleistungen:<\/p><p class=\"translation-block\">\u25cf Nationale Logistik innerhalb Deutschlands <br>\n\u25cf Internationale Transporte in Europa und in die GUS-Staaten <br>\n\u25cf Lokale und \u00fcberregionale Umz\u00fcge <br>\n\u25cf Transport von Gefahrgut (ADR) und temperaturempfindlicher Fracht<\/p><p>\u00a0<\/p><p class=\"translation-block\">Morari Logistik verf\u00fcgt \u00fcber einen eigenen Fuhrpark, der es uns erm\u00f6glicht, die Qualit\u00e4t \nund Lieferzeiten zu kontrollieren sowie wettbewerbsf\u00e4hige Preise ohne Zwischenh\u00e4ndler \nanzubieten.<\/p><\/div>      <\/div>\n<\/div>\n<div class=\"ue-card elementor-repeater-item-851b29d\">\n  \n  <div class=\"ue-slno\">\n    3          \n  <\/div>\n  \n  <div class=\"ue-info\">\n          \t\n    <h3 class=\"ue-title\">Voraussetzungen f\u00fcr den Arbeitsbeginn<\/h3>        <div class=\"ue-description\"><p><strong>Wir laden Fahrer zur Zusammenarbeit ein<\/strong> \u2013 f\u00fcr leichte Nutzfahrzeuge sowie f\u00fcr den \nSchwerlastverkehr.<br \/><strong>Erforderliche Unterlagen f\u00fcr die Anstellung: <\/strong><\/p><p><strong>F\u00fcr Fahrer bis 3,5 t (Kurierdienste):<\/strong><br \/>\u25cf Reisepass oder EU-ID-Karte \/ Aufenthaltstitel mit Arbeitserlaubnis<br \/>\u25cf F\u00fchrerschein der Klasse B (mindestens 6 Monate Fahrpraxis)<br \/>\u25cf Anmeldung (Wohnsitzanmeldung in Deutschland)<br \/>\u25cf Krankenversicherung (gesetzlich oder privat)<br \/>\u25cf IBAN (Bankverbindung)<br \/>\u25cf F\u00fchrungszeugnis (F\u00fchrungszeugnis)<\/p><p><strong>F\u00fcr LKW-Fahrer (Klasse C \/ CE):<\/strong><br \/>\u25cf F\u00fchrerschein der Klasse C oder CE<br \/>\u25cf Fahrerkarte<br \/>\u25cf Code 95 (EU-Bescheinigung \u00fcber die Fahrerqualifikation)<br \/>\u25cf Aufenthaltstitel oder EU-Pass mit Arbeitserlaubnis<br \/>\u25cf Anmeldung, Krankenversicherung, IBAN<br \/>\u25cf ADR-Schein (falls erforderlich \u2013 wir unterst\u00fctzen beim Erwerb)<\/p><p>\u00a0<\/p><p>Wir bieten Unterst\u00fctzung bei der Beschaffung aller Dokumente, bei Schulungen sowie \u2013 falls \nerforderlich \u2013 bei<br \/>der Bereitstellung von Unterkunft.<\/p><\/div>      <\/div>\n<\/div>\n<div class=\"ue-card elementor-repeater-item-f3cad1a\">\n  \n  <div class=\"ue-slno\">\n    4          \n  <\/div>\n  \n  <div class=\"ue-info\">\n          \t\n    <h3 class=\"ue-title\">Arbeitsbedingungen &amp; Unterst\u00fctzung<\/h3>        <div class=\"ue-description\"><p class=\"translation-block\">Morari Logistik bietet transparente und stabile Arbeitsbedingungen:<\/p><p class=\"translation-block\">\u25cf Offizielle Anstellung nach deutschem Arbeitsrecht <br>\n\u25cf P\u00fcnktliche und verl\u00e4ssliche Gehaltszahlungen <br>\n\u25cf Feste Arbeitszeiten ohne \u00dcberstunden oder Nachtschichten (f\u00fcr Kurierfahrer)<br> \n\u25cf Technisch einwandfreie Fahrzeuge mit regelm\u00e4\u00dfiger Wartung <br>\n\u25cf Unterst\u00fctzung in russischer, rum\u00e4nischer und deutscher Sprache <br>\n\u25cf Bezahlter Urlaub, Lohnfortzahlung im Krankheitsfall und Krankenversicherung<\/p><p>\u00a0<\/p><p class=\"translation-block\">Wir legen gro\u00dfen Wert auf Disziplin, Zuverl\u00e4ssigkeit und einen respektvollen Umgang. \nWenn Sie auf der Suche nach einem sicheren Arbeitsplatz mit klaren Bedingungen sind, ist \nMorari Logistik eine ausgezeichnete Wahl.<\/p><\/div>      <\/div>\n<\/div>\n\n    <\/div>\n  <\/div>\n<\/div>\n<!-- end Vertical Curved Timeline -->\t\t\t\t<\/div>\n\t\t\t\t<\/div>\n\t\t\t\t\t<\/div>\n\t\t\t\t<\/div>\n\t\t\t\t<\/div>","protected":false},"excerpt":{"rendered":"<p>\u041e\u0442\u043a\u0443\u0434\u0430 \u043e\u0441\u0443\u0449\u0435\u0441\u0442\u0432\u043b\u044f\u0435\u0442\u0441\u044f \u0434\u043e\u0441\u0442\u0430\u0432\u043a\u0430 \u0420\u0435\u0433\u0438\u043e\u043d \u0412\u044b\u0431\u0435\u0440\u0438\u0442\u0435 \u0440\u0435\u0433\u0438\u043e\u043dEC\u0421\u041d\u0413 \u0421\u0442\u0440\u0430\u043d\u0430 \u041a\u0443\u0434\u0430 \u043e\u0441\u0443\u0449\u0435\u0441\u0442\u0432\u043b\u044f\u0435\u0442\u0441\u044f \u0434\u043e\u0441\u0442\u0430\u0432\u043a\u0430 \u0420\u0435\u0433\u0438\u043e\u043d \u0412\u044b\u0431\u0435\u0440\u0438\u0442\u0435 \u0440\u0435\u0433\u0438\u043e\u043d\u0415\u0421\u0421\u041d\u0413 \u0421\u0442\u0440\u0430\u043d\u0430 \u0414\u0430\u043d\u043d\u044b\u0435 \u043e \u0422\u043e\u0432\u0430\u0440\u0435 \u0412\u0435\u0441 \u0432 \u043a\u0438\u043b\u043e\u0433\u0440\u0430\u043c\u043c\u0430\u0445 (kg) \u041a\u043e\u043b\u0438\u0447\u0435\u0441\u0442\u0432\u043e \u043f\u0430\u043b\u043b\u0435\u0442 \u041a\u0443\u0434\u0430 \u043e\u0441\u0443\u0449\u0435\u0441\u0442\u0432\u043b\u044f\u0435\u0442\u0441\u044f \u0434\u043e\u0441\u0442\u0430\u0432\u043a\u0430 \u0412\u0430\u0448 e-mail \u0412\u0430\u0448 \u043d\u043e\u043c\u0435\u0440 1 \u041e \u043a\u043e\u043c\u043f\u0430\u043d\u0438\u0438 Morari Logistik \u2014 \u044d\u0442\u043e \u0432\u043d\u0443\u0442\u0440\u0435\u043d\u043d\u0435\u0435 \u043f\u043e\u0434\u0440\u0430\u0437\u0434\u0435\u043b\u0435\u043d\u0438\u0435 \u043a\u043e\u043c\u043f\u0430\u043d\u0438\u0438 Morari Transport GmbH, \u0441\u043f\u0435\u0446\u0438\u0430\u043b\u0438\u0437\u0438\u0440\u0443\u044e\u0449\u0435\u0435\u0441\u044f \u043d\u0430 \u043c\u0435\u0436\u0434\u0443\u043d\u0430\u0440\u043e\u0434\u043d\u043e\u0439 \u0438 \u0432\u043d\u0443\u0442\u0440\u0435\u043d\u043d\u0435\u0439 \u0433\u0440\u0443\u0437\u043e\u043f\u0435\u0440\u0435\u0432\u043e\u0437\u043a\u0435. \u041c\u044b \u043e\u0441\u0443\u0449\u0435\u0441\u0442\u0432\u043b\u044f\u0435\u043c \u0434\u043e\u0441\u0442\u0430\u0432\u043a\u0443 \u043f\u043e \u0432\u0441\u0435\u0439 \u0442\u0435\u0440\u0440\u0438\u0442\u043e\u0440\u0438\u0438 [&hellip;]<\/p>\n","protected":false},"author":1,"featured_media":0,"parent":0,"menu_order":0,"comment_status":"closed","ping_status":"closed","template":"elementor_header_footer","meta":{"_glsr_average":0,"_glsr_ranking":0,"_glsr_reviews":0,"footnotes":""},"class_list":["post-1554","page","type-page","status-publish","hentry"],"_links":{"self":[{"href":"https:\/\/morari-transport.de\/de\/wp-json\/wp\/v2\/pages\/1554","targetHints":{"allow":["GET"]}}],"collection":[{"href":"https:\/\/morari-transport.de\/de\/wp-json\/wp\/v2\/pages"}],"about":[{"href":"https:\/\/morari-transport.de\/de\/wp-json\/wp\/v2\/types\/page"}],"author":[{"embeddable":true,"href":"https:\/\/morari-transport.de\/de\/wp-json\/wp\/v2\/users\/1"}],"replies":[{"embeddable":true,"href":"https:\/\/morari-transport.de\/de\/wp-json\/wp\/v2\/comments?post=1554"}],"version-history":[{"count":8,"href":"https:\/\/morari-transport.de\/de\/wp-json\/wp\/v2\/pages\/1554\/revisions"}],"predecessor-version":[{"id":2086,"href":"https:\/\/morari-transport.de\/de\/wp-json\/wp\/v2\/pages\/1554\/revisions\/2086"}],"wp:attachment":[{"href":"https:\/\/morari-transport.de\/de\/wp-json\/wp\/v2\/media?parent=1554"}],"curies":[{"name":"wp","href":"https:\/\/api.w.org\/{rel}","templated":true}]}}