{"id":1556,"date":"2025-06-09T14:57:11","date_gmt":"2025-06-09T14:57:11","guid":{"rendered":"https:\/\/morari-transport.de\/?page_id=1556"},"modified":"2025-06-17T14:28:06","modified_gmt":"2025-06-17T14:28:06","slug":"fix-autoteile","status":"publish","type":"page","link":"https:\/\/morari-transport.de\/de\/fix-autoteile\/","title":{"rendered":"FIX AUTOTEILE"},"content":{"rendered":"<div data-elementor-type=\"wp-page\" data-elementor-id=\"1556\" class=\"elementor elementor-1556\" data-elementor-settings=\"{&quot;ha_cmc_init_switcher&quot;:&quot;no&quot;}\" data-elementor-post-type=\"page\">\n\t\t\t\t<div class=\"elementor-element elementor-element-79f6445 e-con-full e-flex e-con e-parent\" data-id=\"79f6445\" data-element_type=\"container\" data-e-type=\"container\" data-settings=\"{&quot;_ha_eqh_enable&quot;:false}\">\n\t\t\t\t<div class=\"elementor-element elementor-element-23aa667 exad-sticky-section-no exad-glass-effect-no elementor-widget elementor-widget-image\" data-id=\"23aa667\" data-element_type=\"widget\" data-e-type=\"widget\" data-widget_type=\"image.default\">\n\t\t\t\t<div class=\"elementor-widget-container\">\n\t\t\t\t\t\t\t\t\t\t\t\t\t\t\t<img fetchpriority=\"high\" decoding=\"async\" width=\"1620\" height=\"1573\" src=\"https:\/\/morari-transport.de\/wp-content\/uploads\/2025\/06\/fix.png\" class=\"attachment-full size-full wp-image-1615\" alt=\"\" srcset=\"https:\/\/morari-transport.de\/wp-content\/uploads\/2025\/06\/fix.png 1620w, https:\/\/morari-transport.de\/wp-content\/uploads\/2025\/06\/fix-300x291.png 300w, https:\/\/morari-transport.de\/wp-content\/uploads\/2025\/06\/fix-1024x994.png 1024w, https:\/\/morari-transport.de\/wp-content\/uploads\/2025\/06\/fix-768x746.png 768w\" sizes=\"(max-width: 1620px) 100vw, 1620px\" \/>\t\t\t\t\t\t\t\t\t\t\t\t\t\t\t<\/div>\n\t\t\t\t<\/div>\n\t\t\t\t<\/div>\n\t\t<div class=\"elementor-element elementor-element-0177ee4 e-flex e-con-boxed e-con e-parent\" data-id=\"0177ee4\" data-element_type=\"container\" data-e-type=\"container\" data-settings=\"{&quot;_ha_eqh_enable&quot;:false}\">\n\t\t\t\t\t<div class=\"e-con-inner\">\n\t\t\t\t<div class=\"elementor-element elementor-element-e56d42d exad-sticky-section-no exad-glass-effect-no elementor-widget elementor-widget-ucaddon_vertical_curve_timeline\" data-id=\"e56d42d\" data-element_type=\"widget\" data-e-type=\"widget\" data-widget_type=\"ucaddon_vertical_curve_timeline.default\">\n\t\t\t\t<div class=\"elementor-widget-container\">\n\t\t\t\t\t\n<!-- start Vertical Curved Timeline -->\n\t\t<link id='font-awesome-css' href='https:\/\/morari-transport.de\/wp-content\/plugins\/unlimited-elements-for-elementor-premium\/assets_libraries\/font-awesome6\/fontawesome-all.min.css' type='text\/css' rel='stylesheet' >\n\t\t<link id='font-awesome-4-shim-css' href='https:\/\/morari-transport.de\/wp-content\/plugins\/unlimited-elements-for-elementor-premium\/assets_libraries\/font-awesome6\/fontawesome-v4-shims.min.css' type='text\/css' rel='stylesheet' >\n\n<style>\/* widget: Vertical Curved Timeline *\/\n\n#uc_vertical_curve_timeline_elementor_e56d42d.ue-container{\n  width: 100%;\n  display: flex;\n  align-items: center;\n}\n\n\/* Timeline Container *\/\n\n#uc_vertical_curve_timeline_elementor_e56d42d .ue-timeline {\n  width:100%;\n  margin: 0 auto;\n  padding: 0 20px;\n}\n\n#uc_vertical_curve_timeline_elementor_e56d42d .ue-item-image{\n  overflow:hidden;\n}\n\n#uc_vertical_curve_timeline_elementor_e56d42d .ue-item-image img{\n  width:100%;\n  height: 100%;\n  transition:0.3s;\n}\n\n\/* Card container *\/\n#uc_vertical_curve_timeline_elementor_e56d42d .ue-card {\n  position: relative;\n  display: flex;\n}\n\n#uc_vertical_curve_timeline_elementor_e56d42d .ue-slno{\n  border-radius: 50%;\n  position: absolute;\n  top: 50%;\n  left: 0;\n  transform: translate(-50%, -50%);\n  display: grid;\n  place-content: center;\n}\n\n\/* setting padding based on even or odd *\/\n  #uc_vertical_curve_timeline_elementor_e56d42d .ue-card:nth-child(odd) {\n    padding: 30px 0 30px 30px;\n  }\n  #uc_vertical_curve_timeline_elementor_e56d42d .ue-card:nth-child(even) {\n    padding: 30px 30px 30px 0;\n  }\n  \/* Global ::before *\/\n  #uc_vertical_curve_timeline_elementor_e56d42d .ue-card::before {\n    content: \"\";\n    position: absolute;\n    width: 50%;\n  }\n\n  \/* Setting the border of top, bottom, left *\/\n  #uc_vertical_curve_timeline_elementor_e56d42d .ue-card:nth-child(odd)::before {\n    left: 0px;\n    top: -5px;\n    bottom: -5px;\n    border-width: 5px 0 5px 5px;\n    border-radius: 20px 0 0 20px;\n  }\n\n  \/* Setting the top and bottom to \"-5px\" because earlier it was out of a pixel in mobile devices *\/\n  @media only screen and (max-width: 400px) {\n    #uc_vertical_curve_timeline_elementor_e56d42d .ue-card:nth-child(odd)::before {\n      top: -5px;\n      bottom: -5px;\n    }\n  }\n\n  \/* Setting the border of top, bottom, right *\/\n  #uc_vertical_curve_timeline_elementor_e56d42d .ue-card:nth-child(even)::before {\n    right: 0;\n    top: 0;\n    bottom: 0;\n    border-width: 5px 5px 5px 0;\n    border-radius: 0 20px 20px 0;\n  }\n\n  \/* Removing the border if it is the first card *\/\n  #uc_vertical_curve_timeline_elementor_e56d42d .ue-card:first-child::before {\n    border-top: 0;\n    border-top-left-radius: 0;\n  }\n\n  \/* Removing the border if it is the last card  and it's odd *\/\n  #uc_vertical_curve_timeline_elementor_e56d42d .ue-card:last-child:nth-child(odd)::before {\n    border-bottom: 0;\n    border-bottom-left-radius: 0;\n  }\n\n  \/* Removing the border if it is the last card  and it's even *\/\n  #uc_vertical_curve_timeline_elementor_e56d42d .ue-card:last-child:nth-child(even)::before {\n    border-bottom: 0;\n    border-bottom-right-radius: 0;\n  }\n\n  \/* Information about the timeline *\/\n  #uc_vertical_curve_timeline_elementor_e56d42d .ue-info {\n    display: flex;\n    flex-direction: column;\n    border-radius: 10px;\n    padding: 10px;\n    width: 100%;\n  }\n\n  \/* Title of the card *\/\n  #uc_vertical_curve_timeline_elementor_e56d42d .ue-title {\n    position: relative;\n  }\n\n  \/* Timeline dot  *\/\n\n  \/* text right if the card is even  *\/\n  #uc_vertical_curve_timeline_elementor_e56d42d .ue-card:nth-child(even) {\n    text-align: right;\n  }\n\n  #uc_vertical_curve_timeline_elementor_e56d42d .ue-card:nth-child(even) .ue-item-image{\n    margin-left: auto;\n  }\n\n  #uc_vertical_curve_timeline_elementor_e56d42d .ue-card:nth-child(even) .ue-info{\n    padding-right: 20px;\n    margin-left: auto;\n  }\n\n  #uc_vertical_curve_timeline_elementor_e56d42d .ue-card:nth-child(odd) .ue-info{\n    padding-left: 20px;\n  }\n\n  \/* setting dot to the left if the card is odd *\/\n  #uc_vertical_curve_timeline_elementor_e56d42d .ue-card:nth-child(odd) > .ue-info > .ue-title::before {\n    left: -45px;\n  }\n\n  #uc_vertical_curve_timeline_elementor_e56d42d .ue-card:nth-child(even) > .ue-slno{\n    right: 0%;\n    left: auto;\n    transform: translate(50%, -50%);\n    margin-right:2px;\n  }\n\n  #uc_vertical_curve_timeline_elementor_e56d42d .ue-card:nth-child(odd) > .ue-slno{\n    margin-left:2px;\n  }\n\n  #uc_vertical_curve_timeline_elementor_e56d42d .ue-card:nth-child(1)::before{\n    height: 50%;\n    top: auto;\n  }\n\n  #uc_vertical_curve_timeline_elementor_e56d42d .ue-card:last-child::before{\n    height: 50%;\n  }\n\n  #uc_vertical_curve_timeline_elementor_e56d42d .ue-button-link{\n    width:fit-content;\n    z-index: 100;\n  }\n\n  #uc_vertical_curve_timeline_elementor_e56d42d .ue-card:nth-child(even) .ue-button-link {\n    margin-left:auto;\n  }\n\n\n\n<\/style>\n\n<div id=\"uc_vertical_curve_timeline_elementor_e56d42d\" class=\"ue-container\">\n  <div class=\"ue-timeline\">\n    <div class=\"ue-outer\">              \n      <div class=\"ue-card elementor-repeater-item-29657e0\">\n  \n  <div class=\"ue-slno\">\n    1          \n  <\/div>\n  \n  <div class=\"ue-info\">\n          \t\n    <h3 class=\"ue-title\"> Was ist FIX AUTOTEILE?<\/h3>        <div class=\"ue-description\"><p class=\"translation-block\">FIX AUTOTEILE ist ein neues Gesch\u00e4ftssegment der Morari Transport GmbH, das auf \nlangj\u00e4hriger Erfahrung im Bereich Logistik und Transport basiert. \nWir wissen, wie schwierig es sein kann, das richtige Ersatzteil schnell und fehlerfrei zu \nfinden. Deshalb haben wir unseren eigenen Shop er\u00f6ffnet, in dem Kunden das exakt \npassende Teil \u2013 ohne langes Suchen und Warten erhalten.<\/p><p>FIX AUTOTEILE ist nicht nur ein Ersatzteilverkauf \u2013 es ist eine L\u00f6sung f\u00fcr ein Problem,<br \/>mit \ndem wir selbst als Fuhrparkbetreiber konfrontiert waren.<\/p><\/div>      <\/div>\n<\/div>\n<div class=\"ue-card elementor-repeater-item-a79b9dc\">\n  \n  <div class=\"ue-slno\">\n    2          \n  <\/div>\n  \n  <div class=\"ue-info\">\n          \t\n    <h3 class=\"ue-title\">Wie funktioniert FIX AUTOTEILE?<\/h3>        <div class=\"ue-description\"><p><strong> Wir kombinieren ein station\u00e4res Gesch\u00e4ft mit einem modernen digitalen System zur \nAuswahl und Bestellung:<\/strong><\/p><p class=\"translation-block\">\u25cf Ein Ladengesch\u00e4ft mit einer Fl\u00e4che von 200\u2009m\u00b2 in Berlin (Er\u00f6ffnung in K\u00fcrze) <br>\n\u25cf Schnelle Teilesuche anhand von KBA, VIN, Bezeichnung oder Foto <br>\n\u25cf Mehrsprachiger Service: DE \/ RU \/ RO \/ UA \nDank direkter Zusammenarbeit mit gepr\u00fcften Lieferanten bieten wir: <br>\n\u25cf Gro\u00dfe Auswahl, hohe Qualit\u00e4t und wettbewerbsf\u00e4hige Preise <br>\n\u25cf Lieferung nach Berlin innerhalb von 24 Stunden <br>\n\u25cf Abholung vor Ort ohne Aussteigen aus dem Fahrzeug <br>\n\u25cf Eine Online-App mit KI-Unterst\u00fctzung, die das passende Teil in jeder Sprache findet<\/p><\/div>      <\/div>\n<\/div>\n<div class=\"ue-card elementor-repeater-item-851b29d\">\n  \n  <div class=\"ue-slno\">\n    3          \n  <\/div>\n  \n  <div class=\"ue-info\">\n          \t\n    <h3 class=\"ue-title\">F\u00fcr wen ist unser Angebot gedacht?<\/h3>        <div class=\"ue-description\"><p><strong> Unsere Zielgruppen:<\/strong><br \/>\u25cf Private Fahrzeughalter<br \/>\u25cf Werkst\u00e4tten, Autowerkst\u00e4tten, Servicebetriebe<br \/>\u25cf Taxiunternehmen und Firmen mit eigenem Fuhrpark<br \/>\u25cf Mechaniker und selbstst\u00e4ndige Kfz-Spezialisten<\/p><p><strong> Unsere Kunden w\u00e4hlen uns,<\/strong>weil <strong>Schnelligkeit, Genauigkeit und transparente \nAbl\u00e4ufe sch\u00e4tzen.<\/strong>Dank unserer Logistikerfahrung wissen wir:<br \/>Zeit ist die wertvollste Ressource \u2013 und wir \ntun alles, um sie zu sparen.<\/p><\/div>      <\/div>\n<\/div>\n<div class=\"ue-card elementor-repeater-item-f3cad1a\">\n  \n  <div class=\"ue-slno\">\n    4          \n  <\/div>\n  \n  <div class=\"ue-info\">\n          \t\n    <h3 class=\"ue-title\">Warum ist FIX AUTOTEILE so praktisch?<\/h3>        <div class=\"ue-description\"><p class=\"translation-block\">\u25cf Mehrsprachige Plattform und Support <br>\n\u25cf Teilesuche per Foto \u2013 auch wenn der Kunde die Bezeichnung nicht kennt <br>\n\u25cf M\u00f6glichkeit, Alternativen zu vergleichen und den besten Preis zu w\u00e4hlen <br>\n\u25cf Schnelle Lieferung oder Abholung zum gew\u00fcnschten Zeitpunkt <br>\n\u25cf Technische Beratung und verl\u00e4ssliche Infrastruktur<\/p><p class=\"translation-block\">FIX AUTOTEILE bedeutet Ersatzteile ohne \u00fcberfl\u00fcssige B\u00fcrokratie, Wartezeiten oder \nMissverst\u00e4ndnisse. \nEinfach Foto hochladen \u2013 und noch heute das richtige Teil erhalten.<\/p><\/div>      <\/div>\n<\/div>\n\n    <\/div>\n  <\/div>\n<\/div>\n<!-- end Vertical Curved Timeline -->\t\t\t\t<\/div>\n\t\t\t\t<\/div>\n\t\t\t\t\t<\/div>\n\t\t\t\t<\/div>\n\t\t\t\t<\/div>","protected":false},"excerpt":{"rendered":"<p>1 \u0427\u0442\u043e \u0442\u0430\u043a\u043e\u0435 FIX AUTOTEILE? FIX AUTOTEILE \u2014 \u044d\u0442\u043e \u043d\u043e\u0432\u043e\u0435 \u043d\u0430\u043f\u0440\u0430\u0432\u043b\u0435\u043d\u0438\u0435 \u043a\u043e\u043c\u043f\u0430\u043d\u0438\u0438 Morari Transport GmbH, \u0441\u043e\u0437\u0434\u0430\u043d\u043d\u043e\u0435 \u043d\u0430 \u043e\u0441\u043d\u043e\u0432\u0435 \u043c\u043d\u043e\u0433\u043e\u043b\u0435\u0442\u043d\u0435\u0433\u043e \u043e\u043f\u044b\u0442\u0430 \u0432 \u0441\u0444\u0435\u0440\u0435 \u043b\u043e\u0433\u0438\u0441\u0442\u0438\u043a\u0438 \u0438 \u0442\u0440\u0430\u043d\u0441\u043f\u043e\u0440\u0442\u0438\u0440\u043e\u0432\u043a\u0438. \u041c\u044b \u0437\u043d\u0430\u0435\u043c, \u043d\u0430\u0441\u043a\u043e\u043b\u044c\u043a\u043e \u0441\u043b\u043e\u0436\u043d\u043e \u0431\u044b\u0432\u0430\u0435\u0442 \u043d\u0430\u0439\u0442\u0438 \u043d\u0443\u0436\u043d\u0443\u044e \u0430\u0432\u0442\u043e\u0437\u0430\u043f\u0447\u0430\u0441\u0442\u044c \u0431\u044b\u0441\u0442\u0440\u043e \u0438 \u0431\u0435\u0437 \u043e\u0448\u0438\u0431\u043e\u043a. \u041f\u043e\u044d\u0442\u043e\u043c\u0443 \u043c\u044b \u0440\u0435\u0448\u0438\u043b\u0438 \u043e\u0442\u043a\u0440\u044b\u0442\u044c \u0441\u043e\u0431\u0441\u0442\u0432\u0435\u043d\u043d\u044b\u0439 \u043c\u0430\u0433\u0430\u0437\u0438\u043d, \u0433\u0434\u0435 \u043a\u043b\u0438\u0435\u043d\u0442 \u0441\u043c\u043e\u0436\u0435\u0442 \u043f\u043e\u043b\u0443\u0447\u0438\u0442\u044c \u0442\u043e\u0447\u043d\u0443\u044e \u0434\u0435\u0442\u0430\u043b\u044c \u2014 \u0431\u0435\u0437 \u043b\u0438\u0448\u043d\u0435\u0433\u043e \u043f\u043e\u0438\u0441\u043a\u0430 \u0438 \u043e\u0436\u0438\u0434\u0430\u043d\u0438\u044f. [&hellip;]<\/p>\n","protected":false},"author":1,"featured_media":0,"parent":0,"menu_order":0,"comment_status":"closed","ping_status":"closed","template":"elementor_header_footer","meta":{"_glsr_average":0,"_glsr_ranking":0,"_glsr_reviews":0,"footnotes":""},"class_list":["post-1556","page","type-page","status-publish","hentry"],"_links":{"self":[{"href":"https:\/\/morari-transport.de\/de\/wp-json\/wp\/v2\/pages\/1556","targetHints":{"allow":["GET"]}}],"collection":[{"href":"https:\/\/morari-transport.de\/de\/wp-json\/wp\/v2\/pages"}],"about":[{"href":"https:\/\/morari-transport.de\/de\/wp-json\/wp\/v2\/types\/page"}],"author":[{"embeddable":true,"href":"https:\/\/morari-transport.de\/de\/wp-json\/wp\/v2\/users\/1"}],"replies":[{"embeddable":true,"href":"https:\/\/morari-transport.de\/de\/wp-json\/wp\/v2\/comments?post=1556"}],"version-history":[{"count":18,"href":"https:\/\/morari-transport.de\/de\/wp-json\/wp\/v2\/pages\/1556\/revisions"}],"predecessor-version":[{"id":2188,"href":"https:\/\/morari-transport.de\/de\/wp-json\/wp\/v2\/pages\/1556\/revisions\/2188"}],"wp:attachment":[{"href":"https:\/\/morari-transport.de\/de\/wp-json\/wp\/v2\/media?parent=1556"}],"curies":[{"name":"wp","href":"https:\/\/api.w.org\/{rel}","templated":true}]}}