{"id":1552,"date":"2025-06-09T14:56:53","date_gmt":"2025-06-09T14:56:53","guid":{"rendered":"https:\/\/morari-transport.de\/?page_id=1552"},"modified":"2025-06-17T11:58:06","modified_gmt":"2025-06-17T11:58:06","slug":"trans-o-flex","status":"publish","type":"page","link":"https:\/\/morari-transport.de\/ro\/trans-o-flex\/","title":{"rendered":"Trans O Flex"},"content":{"rendered":"<div data-elementor-type=\"wp-page\" data-elementor-id=\"1552\" class=\"elementor elementor-1552\" data-elementor-settings=\"{&quot;ha_cmc_init_switcher&quot;:&quot;no&quot;}\" data-elementor-post-type=\"page\">\n\t\t\t\t<div class=\"elementor-element elementor-element-1b2ee97 e-con-full e-flex e-con e-parent\" data-id=\"1b2ee97\" data-element_type=\"container\" data-e-type=\"container\" data-settings=\"{&quot;_ha_eqh_enable&quot;:false}\">\n\t\t\t\t<div class=\"elementor-element elementor-element-8deec96 exad-sticky-section-no exad-glass-effect-no elementor-widget elementor-widget-image\" data-id=\"8deec96\" data-element_type=\"widget\" data-e-type=\"widget\" data-widget_type=\"image.default\">\n\t\t\t\t<div class=\"elementor-widget-container\">\n\t\t\t\t\t\t\t\t\t\t\t\t\t\t\t<img fetchpriority=\"high\" decoding=\"async\" width=\"2048\" height=\"1164\" src=\"https:\/\/morari-transport.de\/wp-content\/uploads\/2025\/06\/Head.png\" class=\"attachment-full size-full wp-image-1656\" alt=\"\" srcset=\"https:\/\/morari-transport.de\/wp-content\/uploads\/2025\/06\/Head.png 2048w, https:\/\/morari-transport.de\/wp-content\/uploads\/2025\/06\/Head-300x171.png 300w, https:\/\/morari-transport.de\/wp-content\/uploads\/2025\/06\/Head-1024x582.png 1024w, https:\/\/morari-transport.de\/wp-content\/uploads\/2025\/06\/Head-768x437.png 768w, https:\/\/morari-transport.de\/wp-content\/uploads\/2025\/06\/Head-1536x873.png 1536w\" sizes=\"(max-width: 2048px) 100vw, 2048px\" \/>\t\t\t\t\t\t\t\t\t\t\t\t\t\t\t<\/div>\n\t\t\t\t<\/div>\n\t\t\t\t<\/div>\n\t\t<div class=\"elementor-element elementor-element-b375df1 e-flex e-con-boxed e-con e-parent\" data-id=\"b375df1\" data-element_type=\"container\" data-e-type=\"container\" data-settings=\"{&quot;_ha_eqh_enable&quot;:false}\">\n\t\t\t\t\t<div class=\"e-con-inner\">\n\t\t\t\t<div class=\"elementor-element elementor-element-47f6fa8 exad-sticky-section-no exad-glass-effect-no elementor-widget elementor-widget-ucaddon_vertical_curve_timeline\" data-id=\"47f6fa8\" data-element_type=\"widget\" data-e-type=\"widget\" data-widget_type=\"ucaddon_vertical_curve_timeline.default\">\n\t\t\t\t<div class=\"elementor-widget-container\">\n\t\t\t\t\t\n<!-- start Vertical Curved Timeline -->\n\t\t<link id='font-awesome-css' href='https:\/\/morari-transport.de\/wp-content\/plugins\/unlimited-elements-for-elementor-premium\/assets_libraries\/font-awesome6\/fontawesome-all.min.css' type='text\/css' rel='stylesheet' >\n\t\t<link id='font-awesome-4-shim-css' href='https:\/\/morari-transport.de\/wp-content\/plugins\/unlimited-elements-for-elementor-premium\/assets_libraries\/font-awesome6\/fontawesome-v4-shims.min.css' type='text\/css' rel='stylesheet' >\n\n<style>\/* widget: Vertical Curved Timeline *\/\n\n#uc_vertical_curve_timeline_elementor_47f6fa8.ue-container{\n  width: 100%;\n  display: flex;\n  align-items: center;\n}\n\n\/* Timeline Container *\/\n\n#uc_vertical_curve_timeline_elementor_47f6fa8 .ue-timeline {\n  width:100%;\n  margin: 0 auto;\n  padding: 0 20px;\n}\n\n#uc_vertical_curve_timeline_elementor_47f6fa8 .ue-item-image{\n  overflow:hidden;\n}\n\n#uc_vertical_curve_timeline_elementor_47f6fa8 .ue-item-image img{\n  width:100%;\n  height: 100%;\n  transition:0.3s;\n}\n\n\/* Card container *\/\n#uc_vertical_curve_timeline_elementor_47f6fa8 .ue-card {\n  position: relative;\n  display: flex;\n}\n\n#uc_vertical_curve_timeline_elementor_47f6fa8 .ue-slno{\n  border-radius: 50%;\n  position: absolute;\n  top: 50%;\n  left: 0;\n  transform: translate(-50%, -50%);\n  display: grid;\n  place-content: center;\n}\n\n\/* setting padding based on even or odd *\/\n  #uc_vertical_curve_timeline_elementor_47f6fa8 .ue-card:nth-child(odd) {\n    padding: 30px 0 30px 30px;\n  }\n  #uc_vertical_curve_timeline_elementor_47f6fa8 .ue-card:nth-child(even) {\n    padding: 30px 30px 30px 0;\n  }\n  \/* Global ::before *\/\n  #uc_vertical_curve_timeline_elementor_47f6fa8 .ue-card::before {\n    content: \"\";\n    position: absolute;\n    width: 50%;\n  }\n\n  \/* Setting the border of top, bottom, left *\/\n  #uc_vertical_curve_timeline_elementor_47f6fa8 .ue-card:nth-child(odd)::before {\n    left: 0px;\n    top: -5px;\n    bottom: -5px;\n    border-width: 5px 0 5px 5px;\n    border-radius: 20px 0 0 20px;\n  }\n\n  \/* Setting the top and bottom to \"-5px\" because earlier it was out of a pixel in mobile devices *\/\n  @media only screen and (max-width: 400px) {\n    #uc_vertical_curve_timeline_elementor_47f6fa8 .ue-card:nth-child(odd)::before {\n      top: -5px;\n      bottom: -5px;\n    }\n  }\n\n  \/* Setting the border of top, bottom, right *\/\n  #uc_vertical_curve_timeline_elementor_47f6fa8 .ue-card:nth-child(even)::before {\n    right: 0;\n    top: 0;\n    bottom: 0;\n    border-width: 5px 5px 5px 0;\n    border-radius: 0 20px 20px 0;\n  }\n\n  \/* Removing the border if it is the first card *\/\n  #uc_vertical_curve_timeline_elementor_47f6fa8 .ue-card:first-child::before {\n    border-top: 0;\n    border-top-left-radius: 0;\n  }\n\n  \/* Removing the border if it is the last card  and it's odd *\/\n  #uc_vertical_curve_timeline_elementor_47f6fa8 .ue-card:last-child:nth-child(odd)::before {\n    border-bottom: 0;\n    border-bottom-left-radius: 0;\n  }\n\n  \/* Removing the border if it is the last card  and it's even *\/\n  #uc_vertical_curve_timeline_elementor_47f6fa8 .ue-card:last-child:nth-child(even)::before {\n    border-bottom: 0;\n    border-bottom-right-radius: 0;\n  }\n\n  \/* Information about the timeline *\/\n  #uc_vertical_curve_timeline_elementor_47f6fa8 .ue-info {\n    display: flex;\n    flex-direction: column;\n    border-radius: 10px;\n    padding: 10px;\n    width: 100%;\n  }\n\n  \/* Title of the card *\/\n  #uc_vertical_curve_timeline_elementor_47f6fa8 .ue-title {\n    position: relative;\n  }\n\n  \/* Timeline dot  *\/\n\n  \/* text right if the card is even  *\/\n  #uc_vertical_curve_timeline_elementor_47f6fa8 .ue-card:nth-child(even) {\n    text-align: right;\n  }\n\n  #uc_vertical_curve_timeline_elementor_47f6fa8 .ue-card:nth-child(even) .ue-item-image{\n    margin-left: auto;\n  }\n\n  #uc_vertical_curve_timeline_elementor_47f6fa8 .ue-card:nth-child(even) .ue-info{\n    padding-right: 20px;\n    margin-left: auto;\n  }\n\n  #uc_vertical_curve_timeline_elementor_47f6fa8 .ue-card:nth-child(odd) .ue-info{\n    padding-left: 20px;\n  }\n\n  \/* setting dot to the left if the card is odd *\/\n  #uc_vertical_curve_timeline_elementor_47f6fa8 .ue-card:nth-child(odd) > .ue-info > .ue-title::before {\n    left: -45px;\n  }\n\n  #uc_vertical_curve_timeline_elementor_47f6fa8 .ue-card:nth-child(even) > .ue-slno{\n    right: 0%;\n    left: auto;\n    transform: translate(50%, -50%);\n    margin-right:2px;\n  }\n\n  #uc_vertical_curve_timeline_elementor_47f6fa8 .ue-card:nth-child(odd) > .ue-slno{\n    margin-left:2px;\n  }\n\n  #uc_vertical_curve_timeline_elementor_47f6fa8 .ue-card:nth-child(1)::before{\n    height: 50%;\n    top: auto;\n  }\n\n  #uc_vertical_curve_timeline_elementor_47f6fa8 .ue-card:last-child::before{\n    height: 50%;\n  }\n\n  #uc_vertical_curve_timeline_elementor_47f6fa8 .ue-button-link{\n    width:fit-content;\n    z-index: 100;\n  }\n\n  #uc_vertical_curve_timeline_elementor_47f6fa8 .ue-card:nth-child(even) .ue-button-link {\n    margin-left:auto;\n  }\n\n\n\n<\/style>\n\n<div id=\"uc_vertical_curve_timeline_elementor_47f6fa8\" class=\"ue-container\">\n  <div class=\"ue-timeline\">\n    <div class=\"ue-outer\">              \n      <div class=\"ue-card elementor-repeater-item-29657e0\">\n  \n  <div class=\"ue-slno\">\n    1          \n  <\/div>\n  \n  <div class=\"ue-info\">\n          \t\n    <h3 class=\"ue-title\">Descrierea activit\u0103\u021bii<\/h3>        <div class=\"ue-description\"><p class=\"translation-block\">Activitatea de curierat \u00een cadrul segmentului Trans-o-Flex al companiei Morari Transport \nGmbH reprezint\u0103 o responsabilitate important\u0103 \u0219i o misiune specializat\u0103, axat\u0103 pe livrarea \nde produse farmaceutice, m\u0103rfuri fragile \u0219i substan\u021be periculoase (ADR). \nTransport\u0103m produse sensibile la temperatur\u0103, motiv pentru care precizia, rigurozitatea \u0219i \nrespectarea celor mai \u00eenalte standarde reprezint\u0103 priorit\u0103\u021bile noastre esen\u021biale.<\/p><p><strong>Responsabilit\u0103\u021bi principale:<\/strong><\/p><p class=\"translation-block\">\u25cf Preluarea m\u0103rfurilor din depozitul Trans-o-Flex<br> \n\u25cf Verificarea ambalajelor, etichetelor \u0219i a documentelor \u00eenso\u021bitoare <br>\n\u25cf Livrarea medicamentelor \u0219i a m\u0103rfurilor periculoase conform traseului prestabilit <br>\n\u25cf Men\u021binerea condi\u021biilor de temperatur\u0103, acolo unde este necesar <br>\n\u25cf Scanarea fiec\u0103rei livr\u0103ri \u0219i confirmarea pred\u0103rii utiliz\u00e2nd un scanner profesional <br>\n\u25cf Respectarea normelor de siguran\u021b\u0103 \u0219i a instruc\u021biunilor interne<\/p><p>Toate vehiculele sunt echipate special pentru transportul produselor sensibile \u0219i a celor \nreglementate ADR. Activitatea necesit\u0103<br \/>un \u00eenalt nivel de disciplin\u0103 \u0219i responsabilitate.<\/p><\/div>      <\/div>\n<\/div>\n<div class=\"ue-card elementor-repeater-item-a79b9dc\">\n  \n  <div class=\"ue-slno\">\n    2          \n  <\/div>\n  \n  <div class=\"ue-info\">\n                  <div class=\"ue-item-image\">\n          <img decoding=\"async\" src=\"https:\/\/morari-transport.de\/wp-content\/uploads\/2025\/06\/Head-2-768x437.png\" alt=\" \u041a\u0430\u043a\u0438\u0435 \u0434\u043e\u043a\u0443\u043c\u0435\u043d\u0442\u044b \u043d\u0443\u0436\u043d\u044b \u0434\u043b\u044f \u0442\u0440\u0443\u0434\u043e\u0443\u0441\u0442\u0440\u043e\u0439\u0441\u0442\u0432\u0430\">\n      \t<\/div>\n                \t\n    <h3 class=\"ue-title\"> Documente necesare pentru angajare<\/h3>        <div class=\"ue-description\"><p class=\"translation-block\">Pentru a \u00eencepe activitatea \u00een segmentul Trans-o-Flex, este necesar\u0103 prezentarea \nurm\u0103toarelor documente:<\/p><p class=\"translation-block\">\u25cf Pa\u0219aport sau carte de identitate UE (pentru cet\u0103\u021benii non-UE: permis de \u0219edere \u0219i \nautoriza\u021bie de munc\u0103) <br>\n\u25cf Certificat de cazier judiciar (F\u00fchrungszeugnis \u2013 se solicit\u0103 la prim\u0103rie sau online) <br>\n\u25cf Permis de conducere categoria B (valabil de cel pu\u021bin 6 luni) <br>\n\u25cf Dovada \u00eenregistr\u0103rii domiciliului \u00een Germania (Anmeldung) <br>\n\u25cf Asigurare medical\u0103 valabil\u0103 <br>\n\u25cf IBAN \u2013 cont bancar german sau european<\/p><p>\u25cf Certificat ADR (\u00een lipsa acestuia, compania organizeaz\u0103 gratuit instruirea)<\/p><p class=\"translation-block\">Pentru persoanele nou venite \u00een Germania, oferim asisten\u021b\u0103 complet\u0103 \u0219i gratuit\u0103 pentru \nob\u021binerea tuturor documentelor necesare, precum \u0219i cazare temporar\u0103, \u00een cazul \u00een care nu \na fost identificat\u0103 \u00eenc\u0103 o locuin\u021b\u0103 stabil\u0103.<\/p><\/div>      <\/div>\n<\/div>\n<div class=\"ue-card elementor-repeater-item-851b29d\">\n  \n  <div class=\"ue-slno\">\n    3          \n  <\/div>\n  \n  <div class=\"ue-info\">\n                  <div class=\"ue-item-image\">\n          <img decoding=\"async\" src=\"https:\/\/morari-transport.de\/wp-content\/uploads\/2025\/06\/trans-o-flex-logistics-group-768x512.jpg\" alt=\"\u0421\u0442\u0430\u0436\u0438\u0440\u043e\u0432\u043a\u0430\">\n      \t<\/div>\n                \t\n    <h3 class=\"ue-title\">Instruire (Preg\u0103tire practic\u0103)<\/h3>        <div class=\"ue-description\"><p>\u00cenainte de \u00eenceperea activit\u0103\u021bii, to\u021bi noii angaja\u021bi urmeaz\u0103 o instruire obligatorie cu o durat\u0103 \nde 3<br \/>p\u00e2n\u0103 la 5 zile, care include:<\/p><p>\u25cf Preg\u0103tire privind regulile de transport al medicamentelor \u0219i al m\u0103rfurilor ADR<br \/>\u25cf Instruire privind utilizarea scannerului \u0219i a documenta\u021biei<br \/>\u25cf Practic\u0103 pe trasee reale al\u0103turi de un \u0219ofer cu experien\u021b\u0103<br \/>\u25cf Familiarizare cu standardele de temperatur\u0103 \u0219i cerin\u021bele de siguran\u021b\u0103<\/p><p><strong> Instruirea nu este remunerat\u0103.<\/strong><br \/>Cursurile se desf\u0103\u0219oar\u0103 \u00een limbile <strong>rom\u00e2n\u0103, rus\u0103 \u0219i german\u0103.<\/strong><\/p><\/div>      <\/div>\n<\/div>\n<div class=\"ue-card elementor-repeater-item-f3cad1a\">\n  \n  <div class=\"ue-slno\">\n    4          \n  <\/div>\n  \n  <div class=\"ue-info\">\n                  <div class=\"ue-item-image\">\n          <img decoding=\"async\" src=\"https:\/\/morari-transport.de\/wp-content\/uploads\/2025\/06\/Trans-O-Flex-Sort-2-768x432.jpg\" alt=\"\u041a\u043e\u043d\u0442\u0440\u0430\u043a\u0442 \u0438 \u0443\u0441\u043b\u043e\u0432\u0438\u044f\">\n      \t<\/div>\n                \t\n    <h3 class=\"ue-title\">Contract de munc\u0103 \u0219i condi\u021bii<\/h3>        <div class=\"ue-description\"><p class=\"translation-block\">Dup\u0103 finalizarea cu succes a instruirii \u0219i confirmarea competen\u021belor, angajatului i se ofer\u0103 un \ncontract de munc\u0103 pe durat\u0103 nedeterminat\u0103. Condi\u021biile de munc\u0103 includ:<\/p><p class=\"translation-block\">\u25cf Angajare oficial\u0103 conform legisla\u021biei germane <br>\n\u25cf Asigurare medical\u0103, concediu pl\u0103tit, concediu medical<br> \n\u25cf Program de lucru fix, f\u0103r\u0103 ore suplimentare <br>\n\u25cf Num\u0103r limitat de livr\u0103ri, cu standarde ridicate de calitate <br>\n\u25cf Salarizare stabil\u0103 \u0219i la timp<\/p><p class=\"translation-block\">Lucrul \u00een cadrul Morari Transport GmbH \u2013 segmentul Trans-o-Flex \u2013 nu este un \nserviciu de livrare \u00een mas\u0103, ci presupune o abordare profesional\u0103 pentru transporturi \nsensibile \u0219i specializate, unde fiecare detaliu conteaz\u0103.<\/p><\/div>      <\/div>\n<\/div>\n\n    <\/div>\n  <\/div>\n<\/div>\n<!-- end Vertical Curved Timeline -->\t\t\t\t<\/div>\n\t\t\t\t<\/div>\n\t\t\t\t\t<\/div>\n\t\t\t\t<\/div>\n\t\t\t\t<\/div>","protected":false},"excerpt":{"rendered":"<p>1 \u0412 \u0447\u0451\u043c \u0437\u0430\u043a\u043b\u044e\u0447\u0430\u0435\u0442\u0441\u044f \u0440\u0430\u0431\u043e\u0442\u0430 \u0420\u0430\u0431\u043e\u0442\u0430 \u043a\u0443\u0440\u044c\u0435\u0440\u043e\u043c \u0432 \u0441\u0435\u0433\u043c\u0435\u043d\u0442\u0435 Trans-o-Flex \u043e\u0442 Morari Transport GmbH \u2014 \u044d\u0442\u043e \u043e\u0442\u0432\u0435\u0442\u0441\u0442\u0432\u0435\u043d\u043d\u0430\u044f \u0438\u0441\u043f\u0435\u0446\u0438\u0430\u043b\u0438\u0437\u0438\u0440\u043e\u0432\u0430\u043d\u043d\u0430\u044f \u0434\u0435\u044f\u0442\u0435\u043b\u044c\u043d\u043e\u0441\u0442\u044c, \u0441\u0432\u044f\u0437\u0430\u043d\u043d\u0430\u044f \u0441 \u0434\u043e\u0441\u0442\u0430\u0432\u043a\u043e\u0439 \u043c\u0435\u0434\u0438\u0446\u0438\u043d\u0441\u043a\u0438\u0445 \u043f\u0440\u0435\u043f\u0430\u0440\u0430\u0442\u043e\u0432, \u0445\u0440\u0443\u043f\u043a\u0438\u0445, \u0430\u0442\u0430\u043a\u0436\u0435 \u043e\u043f\u0430\u0441\u043d\u044b\u0445 \u0433\u0440\u0443\u0437\u043e\u0432 (ADR). \u041c\u044b \u043f\u0435\u0440\u0435\u0432\u043e\u0437\u0438\u043c \u0442\u0435\u043c\u043f\u0435\u0440\u0430\u0442\u0443\u0440\u043d\u043e-\u0447\u0443\u0432\u0441\u0442\u0432\u0438\u0442\u0435\u043b\u044c\u043d\u0443\u044e \u043f\u0440\u043e\u0434\u0443\u043a\u0446\u0438\u044e, \u043f\u043e\u044d\u0442\u043e\u043c\u0443\u0442\u043e\u0447\u043d\u043e\u0441\u0442\u044c, \u0430\u043a\u043a\u0443\u0440\u0430\u0442\u043d\u043e\u0441\u0442\u044c \u0438 \u0441\u043e\u0431\u043b\u044e\u0434\u0435\u043d\u0438\u0435 \u0432\u0441\u0435\u0445 \u0441\u0442\u0430\u043d\u0434\u0430\u0440\u0442\u043e\u0432 \u2014 \u043d\u0430\u0448 \u043f\u0440\u0438\u043e\u0440\u0438\u0442\u0435\u0442 \u041e\u0441\u043d\u043e\u0432\u043d\u044b\u0435 \u0437\u0430\u0434\u0430\u0447\u0438: \u2022 \u041f\u043e\u043b\u0443\u0447\u0435\u043d\u0438\u0435 \u0433\u0440\u0443\u0437\u0430 \u043d\u0430 \u0441\u043a\u043b\u0430\u0434\u0435 Trans-o-Flex;\u2022 \u041f\u0440\u043e\u0432\u0435\u0440\u043a\u0430 \u0443\u043f\u0430\u043a\u043e\u0432\u043a\u0438, \u043c\u0430\u0440\u043a\u0438\u0440\u043e\u0432\u043a\u0438 \u0438 \u0441\u043e\u043f\u0440\u043e\u0432\u043e\u0434\u0438\u0442\u0435\u043b\u044c\u043d\u044b\u0445 [&hellip;]<\/p>\n","protected":false},"author":1,"featured_media":0,"parent":0,"menu_order":0,"comment_status":"closed","ping_status":"closed","template":"elementor_header_footer","meta":{"_glsr_average":0,"_glsr_ranking":0,"_glsr_reviews":0,"footnotes":""},"class_list":["post-1552","page","type-page","status-publish","hentry"],"_links":{"self":[{"href":"https:\/\/morari-transport.de\/ro\/wp-json\/wp\/v2\/pages\/1552","targetHints":{"allow":["GET"]}}],"collection":[{"href":"https:\/\/morari-transport.de\/ro\/wp-json\/wp\/v2\/pages"}],"about":[{"href":"https:\/\/morari-transport.de\/ro\/wp-json\/wp\/v2\/types\/page"}],"author":[{"embeddable":true,"href":"https:\/\/morari-transport.de\/ro\/wp-json\/wp\/v2\/users\/1"}],"replies":[{"embeddable":true,"href":"https:\/\/morari-transport.de\/ro\/wp-json\/wp\/v2\/comments?post=1552"}],"version-history":[{"count":23,"href":"https:\/\/morari-transport.de\/ro\/wp-json\/wp\/v2\/pages\/1552\/revisions"}],"predecessor-version":[{"id":2147,"href":"https:\/\/morari-transport.de\/ro\/wp-json\/wp\/v2\/pages\/1552\/revisions\/2147"}],"wp:attachment":[{"href":"https:\/\/morari-transport.de\/ro\/wp-json\/wp\/v2\/media?parent=1552"}],"curies":[{"name":"wp","href":"https:\/\/api.w.org\/{rel}","templated":true}]}}