{"id":1556,"date":"2025-06-09T14:57:11","date_gmt":"2025-06-09T14:57:11","guid":{"rendered":"https:\/\/morari-transport.de\/?page_id=1556"},"modified":"2025-06-17T14:28:06","modified_gmt":"2025-06-17T14:28:06","slug":"fix-autoteile","status":"publish","type":"page","link":"https:\/\/morari-transport.de\/ro\/fix-autoteile\/","title":{"rendered":"FIX AUTOTEILE"},"content":{"rendered":"<div data-elementor-type=\"wp-page\" data-elementor-id=\"1556\" class=\"elementor elementor-1556\" data-elementor-settings=\"{&quot;ha_cmc_init_switcher&quot;:&quot;no&quot;}\" data-elementor-post-type=\"page\">\n\t\t\t\t<div class=\"elementor-element elementor-element-79f6445 e-con-full e-flex e-con e-parent\" data-id=\"79f6445\" data-element_type=\"container\" data-e-type=\"container\" data-settings=\"{&quot;_ha_eqh_enable&quot;:false}\">\n\t\t\t\t<div class=\"elementor-element elementor-element-23aa667 exad-sticky-section-no exad-glass-effect-no elementor-widget elementor-widget-image\" data-id=\"23aa667\" data-element_type=\"widget\" data-e-type=\"widget\" data-widget_type=\"image.default\">\n\t\t\t\t<div class=\"elementor-widget-container\">\n\t\t\t\t\t\t\t\t\t\t\t\t\t\t\t<img fetchpriority=\"high\" decoding=\"async\" width=\"1620\" height=\"1573\" src=\"https:\/\/morari-transport.de\/wp-content\/uploads\/2025\/06\/fix.png\" class=\"attachment-full size-full wp-image-1615\" alt=\"\" srcset=\"https:\/\/morari-transport.de\/wp-content\/uploads\/2025\/06\/fix.png 1620w, https:\/\/morari-transport.de\/wp-content\/uploads\/2025\/06\/fix-300x291.png 300w, https:\/\/morari-transport.de\/wp-content\/uploads\/2025\/06\/fix-1024x994.png 1024w, https:\/\/morari-transport.de\/wp-content\/uploads\/2025\/06\/fix-768x746.png 768w\" sizes=\"(max-width: 1620px) 100vw, 1620px\" \/>\t\t\t\t\t\t\t\t\t\t\t\t\t\t\t<\/div>\n\t\t\t\t<\/div>\n\t\t\t\t<\/div>\n\t\t<div class=\"elementor-element elementor-element-0177ee4 e-flex e-con-boxed e-con e-parent\" data-id=\"0177ee4\" data-element_type=\"container\" data-e-type=\"container\" data-settings=\"{&quot;_ha_eqh_enable&quot;:false}\">\n\t\t\t\t\t<div class=\"e-con-inner\">\n\t\t\t\t<div class=\"elementor-element elementor-element-e56d42d exad-sticky-section-no exad-glass-effect-no elementor-widget elementor-widget-ucaddon_vertical_curve_timeline\" data-id=\"e56d42d\" data-element_type=\"widget\" data-e-type=\"widget\" data-widget_type=\"ucaddon_vertical_curve_timeline.default\">\n\t\t\t\t<div class=\"elementor-widget-container\">\n\t\t\t\t\t\n<!-- start Vertical Curved Timeline -->\n\t\t<link id='font-awesome-css' href='https:\/\/morari-transport.de\/wp-content\/plugins\/unlimited-elements-for-elementor-premium\/assets_libraries\/font-awesome6\/fontawesome-all.min.css' type='text\/css' rel='stylesheet' >\n\t\t<link id='font-awesome-4-shim-css' href='https:\/\/morari-transport.de\/wp-content\/plugins\/unlimited-elements-for-elementor-premium\/assets_libraries\/font-awesome6\/fontawesome-v4-shims.min.css' type='text\/css' rel='stylesheet' >\n\n<style>\/* widget: Vertical Curved Timeline *\/\n\n#uc_vertical_curve_timeline_elementor_e56d42d.ue-container{\n  width: 100%;\n  display: flex;\n  align-items: center;\n}\n\n\/* Timeline Container *\/\n\n#uc_vertical_curve_timeline_elementor_e56d42d .ue-timeline {\n  width:100%;\n  margin: 0 auto;\n  padding: 0 20px;\n}\n\n#uc_vertical_curve_timeline_elementor_e56d42d .ue-item-image{\n  overflow:hidden;\n}\n\n#uc_vertical_curve_timeline_elementor_e56d42d .ue-item-image img{\n  width:100%;\n  height: 100%;\n  transition:0.3s;\n}\n\n\/* Card container *\/\n#uc_vertical_curve_timeline_elementor_e56d42d .ue-card {\n  position: relative;\n  display: flex;\n}\n\n#uc_vertical_curve_timeline_elementor_e56d42d .ue-slno{\n  border-radius: 50%;\n  position: absolute;\n  top: 50%;\n  left: 0;\n  transform: translate(-50%, -50%);\n  display: grid;\n  place-content: center;\n}\n\n\/* setting padding based on even or odd *\/\n  #uc_vertical_curve_timeline_elementor_e56d42d .ue-card:nth-child(odd) {\n    padding: 30px 0 30px 30px;\n  }\n  #uc_vertical_curve_timeline_elementor_e56d42d .ue-card:nth-child(even) {\n    padding: 30px 30px 30px 0;\n  }\n  \/* Global ::before *\/\n  #uc_vertical_curve_timeline_elementor_e56d42d .ue-card::before {\n    content: \"\";\n    position: absolute;\n    width: 50%;\n  }\n\n  \/* Setting the border of top, bottom, left *\/\n  #uc_vertical_curve_timeline_elementor_e56d42d .ue-card:nth-child(odd)::before {\n    left: 0px;\n    top: -5px;\n    bottom: -5px;\n    border-width: 5px 0 5px 5px;\n    border-radius: 20px 0 0 20px;\n  }\n\n  \/* Setting the top and bottom to \"-5px\" because earlier it was out of a pixel in mobile devices *\/\n  @media only screen and (max-width: 400px) {\n    #uc_vertical_curve_timeline_elementor_e56d42d .ue-card:nth-child(odd)::before {\n      top: -5px;\n      bottom: -5px;\n    }\n  }\n\n  \/* Setting the border of top, bottom, right *\/\n  #uc_vertical_curve_timeline_elementor_e56d42d .ue-card:nth-child(even)::before {\n    right: 0;\n    top: 0;\n    bottom: 0;\n    border-width: 5px 5px 5px 0;\n    border-radius: 0 20px 20px 0;\n  }\n\n  \/* Removing the border if it is the first card *\/\n  #uc_vertical_curve_timeline_elementor_e56d42d .ue-card:first-child::before {\n    border-top: 0;\n    border-top-left-radius: 0;\n  }\n\n  \/* Removing the border if it is the last card  and it's odd *\/\n  #uc_vertical_curve_timeline_elementor_e56d42d .ue-card:last-child:nth-child(odd)::before {\n    border-bottom: 0;\n    border-bottom-left-radius: 0;\n  }\n\n  \/* Removing the border if it is the last card  and it's even *\/\n  #uc_vertical_curve_timeline_elementor_e56d42d .ue-card:last-child:nth-child(even)::before {\n    border-bottom: 0;\n    border-bottom-right-radius: 0;\n  }\n\n  \/* Information about the timeline *\/\n  #uc_vertical_curve_timeline_elementor_e56d42d .ue-info {\n    display: flex;\n    flex-direction: column;\n    border-radius: 10px;\n    padding: 10px;\n    width: 100%;\n  }\n\n  \/* Title of the card *\/\n  #uc_vertical_curve_timeline_elementor_e56d42d .ue-title {\n    position: relative;\n  }\n\n  \/* Timeline dot  *\/\n\n  \/* text right if the card is even  *\/\n  #uc_vertical_curve_timeline_elementor_e56d42d .ue-card:nth-child(even) {\n    text-align: right;\n  }\n\n  #uc_vertical_curve_timeline_elementor_e56d42d .ue-card:nth-child(even) .ue-item-image{\n    margin-left: auto;\n  }\n\n  #uc_vertical_curve_timeline_elementor_e56d42d .ue-card:nth-child(even) .ue-info{\n    padding-right: 20px;\n    margin-left: auto;\n  }\n\n  #uc_vertical_curve_timeline_elementor_e56d42d .ue-card:nth-child(odd) .ue-info{\n    padding-left: 20px;\n  }\n\n  \/* setting dot to the left if the card is odd *\/\n  #uc_vertical_curve_timeline_elementor_e56d42d .ue-card:nth-child(odd) > .ue-info > .ue-title::before {\n    left: -45px;\n  }\n\n  #uc_vertical_curve_timeline_elementor_e56d42d .ue-card:nth-child(even) > .ue-slno{\n    right: 0%;\n    left: auto;\n    transform: translate(50%, -50%);\n    margin-right:2px;\n  }\n\n  #uc_vertical_curve_timeline_elementor_e56d42d .ue-card:nth-child(odd) > .ue-slno{\n    margin-left:2px;\n  }\n\n  #uc_vertical_curve_timeline_elementor_e56d42d .ue-card:nth-child(1)::before{\n    height: 50%;\n    top: auto;\n  }\n\n  #uc_vertical_curve_timeline_elementor_e56d42d .ue-card:last-child::before{\n    height: 50%;\n  }\n\n  #uc_vertical_curve_timeline_elementor_e56d42d .ue-button-link{\n    width:fit-content;\n    z-index: 100;\n  }\n\n  #uc_vertical_curve_timeline_elementor_e56d42d .ue-card:nth-child(even) .ue-button-link {\n    margin-left:auto;\n  }\n\n\n\n<\/style>\n\n<div id=\"uc_vertical_curve_timeline_elementor_e56d42d\" class=\"ue-container\">\n  <div class=\"ue-timeline\">\n    <div class=\"ue-outer\">              \n      <div class=\"ue-card elementor-repeater-item-29657e0\">\n  \n  <div class=\"ue-slno\">\n    1          \n  <\/div>\n  \n  <div class=\"ue-info\">\n          \t\n    <h3 class=\"ue-title\"> Ce este FIX AUTOTEILE?<\/h3>        <div class=\"ue-description\"><p class=\"translation-block\">FIX AUTOTEILE este o nou\u0103 direc\u021bie de dezvoltare a companiei Morari Transport GmbH, \ncreat\u0103 pe baza unei experien\u021be \u00eendelungate \u00een domeniul logisticii \u0219i transportului. \n\u0218tim c\u00e2t de dificil poate fi s\u0103 g\u0103se\u0219ti rapid \u0219i f\u0103r\u0103 erori piesa auto potrivit\u0103. De aceea, am \ndecis s\u0103 deschidem propriul nostru magazin, unde clien\u021bii pot ob\u021bine exact piesa de care au \nnevoie \u2013 f\u0103r\u0103 c\u0103ut\u0103ri inutile \u0219i f\u0103r\u0103 a\u0219teptare.<\/p><p>FIX AUTOTEILE nu \u00eenseamn\u0103 doar v\u00e2nzare de piese auto, ci o solu\u021bie real\u0103 la o problem\u0103<br \/>cu care ne-am confruntat chiar noi, ca flot\u0103 auto.<\/p><\/div>      <\/div>\n<\/div>\n<div class=\"ue-card elementor-repeater-item-a79b9dc\">\n  \n  <div class=\"ue-slno\">\n    2          \n  <\/div>\n  \n  <div class=\"ue-info\">\n          \t\n    <h3 class=\"ue-title\">Cum func\u021bioneaz\u0103 FIX AUTOTEILE?<\/h3>        <div class=\"ue-description\"><p><strong> Combin\u0103m un magazin fizic cu un sistem digital modern de selec\u021bie \u0219i comand\u0103:<\/strong><\/p><p class=\"translation-block\">\u25cf Magazin cu suprafa\u021b\u0103 de 200\u2009m\u00b2 \u00een Berlin (deschidere \u00een cur\u00e2nd) <br>\n\u25cf Identificare rapid\u0103 a pieselor dup\u0103 KBA, VIN, denumire sau fotografie <br>\n\u25cf Serviciu multilingv: RO \/ DE \/ RU \/ UA \nDatorit\u0103 cooper\u0103rii directe cu furnizori verifica\u021bi, oferim: <br>\n\u25cf Gama larg\u0103 de produse, calitate \u00eenalt\u0103 \u0219i pre\u021buri competitive <br> \n\u25cf Livrare \u00een Berlin \u00een maximum 24 de ore <br>\n\u25cf Posibilitatea ridic\u0103rii comenzii f\u0103r\u0103 a cobor\u00ee din ma\u0219in\u0103 <br>\n\u25cf Aplica\u021bie online cu inteligen\u021b\u0103 artificial\u0103, care identific\u0103 piesa corect\u0103 \u00een orice limb\u0103<\/p><\/div>      <\/div>\n<\/div>\n<div class=\"ue-card elementor-repeater-item-851b29d\">\n  \n  <div class=\"ue-slno\">\n    3          \n  <\/div>\n  \n  <div class=\"ue-info\">\n          \t\n    <h3 class=\"ue-title\">Cui ne adres\u0103m?<\/h3>        <div class=\"ue-description\"><p><strong> Publicul nostru \u021bint\u0103:<\/strong><br \/>\u25cf Proprietari priva\u021bi de automobile<br \/>\u25cf Service-uri auto, ateliere mecanice<br \/>\u25cf Companii de taxi \u0219i firme cu flote proprii<br \/>\u25cf Mecanici \u0219i speciali\u0219ti independen\u021bi<\/p><p><strong> Clien\u021bii ne aleg pentru c\u0103<\/strong>apreciaz\u0103 <strong>viteza, precizia \u0219i claritatea serviciului.<\/strong>Datorit\u0103 experien\u021bei noastre \u00een logistic\u0103,<br \/>\u0219tim c\u0103 timpul este cea mai important\u0103 resurs\u0103 \u2013 \n\u0219i facem tot posibilul pentru a-l economisi.<\/p><\/div>      <\/div>\n<\/div>\n<div class=\"ue-card elementor-repeater-item-f3cad1a\">\n  \n  <div class=\"ue-slno\">\n    4          \n  <\/div>\n  \n  <div class=\"ue-info\">\n          \t\n    <h3 class=\"ue-title\">De ce este FIX AUTOTEILE o solu\u021bie convenabil\u0103?<\/h3>        <div class=\"ue-description\"><p class=\"translation-block\">\u25cf Platform\u0103 \u0219i suport \u00een mai multe limbi <br>\n\u25cf C\u0103utare dup\u0103 fotografie \u2013 chiar \u0219i atunci c\u00e2nd clientul nu cunoa\u0219te denumirea piesei <br>\n\u25cf Posibilitatea de a compara alternative \u0219i de a alege cel mai bun pre\u021b <br>\n\u25cf Livrare rapid\u0103 sau ridicare la momentul dorit <br>\n\u25cf Consultan\u021b\u0103 de specialitate \u0219i baz\u0103 tehnic\u0103 sigur\u0103<\/p><p class=\"translation-block\">FIX AUTOTEILE \u00eenseamn\u0103 piese auto f\u0103r\u0103 birocra\u021bie inutil\u0103, f\u0103r\u0103 cozi \u0219i f\u0103r\u0103 ne\u00een\u021belegeri. \n\u00cencarc\u0103 o fotografie \u2013 \u0219i prime\u0219te piesa de care ai nevoie chiar ast\u0103zi.<\/p><\/div>      <\/div>\n<\/div>\n\n    <\/div>\n  <\/div>\n<\/div>\n<!-- end Vertical Curved Timeline -->\t\t\t\t<\/div>\n\t\t\t\t<\/div>\n\t\t\t\t\t<\/div>\n\t\t\t\t<\/div>\n\t\t\t\t<\/div>","protected":false},"excerpt":{"rendered":"<p>1 \u0427\u0442\u043e \u0442\u0430\u043a\u043e\u0435 FIX AUTOTEILE? FIX AUTOTEILE \u2014 \u044d\u0442\u043e \u043d\u043e\u0432\u043e\u0435 \u043d\u0430\u043f\u0440\u0430\u0432\u043b\u0435\u043d\u0438\u0435 \u043a\u043e\u043c\u043f\u0430\u043d\u0438\u0438 Morari Transport GmbH, \u0441\u043e\u0437\u0434\u0430\u043d\u043d\u043e\u0435 \u043d\u0430 \u043e\u0441\u043d\u043e\u0432\u0435 \u043c\u043d\u043e\u0433\u043e\u043b\u0435\u0442\u043d\u0435\u0433\u043e \u043e\u043f\u044b\u0442\u0430 \u0432 \u0441\u0444\u0435\u0440\u0435 \u043b\u043e\u0433\u0438\u0441\u0442\u0438\u043a\u0438 \u0438 \u0442\u0440\u0430\u043d\u0441\u043f\u043e\u0440\u0442\u0438\u0440\u043e\u0432\u043a\u0438. \u041c\u044b \u0437\u043d\u0430\u0435\u043c, \u043d\u0430\u0441\u043a\u043e\u043b\u044c\u043a\u043e \u0441\u043b\u043e\u0436\u043d\u043e \u0431\u044b\u0432\u0430\u0435\u0442 \u043d\u0430\u0439\u0442\u0438 \u043d\u0443\u0436\u043d\u0443\u044e \u0430\u0432\u0442\u043e\u0437\u0430\u043f\u0447\u0430\u0441\u0442\u044c \u0431\u044b\u0441\u0442\u0440\u043e \u0438 \u0431\u0435\u0437 \u043e\u0448\u0438\u0431\u043e\u043a. \u041f\u043e\u044d\u0442\u043e\u043c\u0443 \u043c\u044b \u0440\u0435\u0448\u0438\u043b\u0438 \u043e\u0442\u043a\u0440\u044b\u0442\u044c \u0441\u043e\u0431\u0441\u0442\u0432\u0435\u043d\u043d\u044b\u0439 \u043c\u0430\u0433\u0430\u0437\u0438\u043d, \u0433\u0434\u0435 \u043a\u043b\u0438\u0435\u043d\u0442 \u0441\u043c\u043e\u0436\u0435\u0442 \u043f\u043e\u043b\u0443\u0447\u0438\u0442\u044c \u0442\u043e\u0447\u043d\u0443\u044e \u0434\u0435\u0442\u0430\u043b\u044c \u2014 \u0431\u0435\u0437 \u043b\u0438\u0448\u043d\u0435\u0433\u043e \u043f\u043e\u0438\u0441\u043a\u0430 \u0438 \u043e\u0436\u0438\u0434\u0430\u043d\u0438\u044f. [&hellip;]<\/p>\n","protected":false},"author":1,"featured_media":0,"parent":0,"menu_order":0,"comment_status":"closed","ping_status":"closed","template":"elementor_header_footer","meta":{"_glsr_average":0,"_glsr_ranking":0,"_glsr_reviews":0,"footnotes":""},"class_list":["post-1556","page","type-page","status-publish","hentry"],"_links":{"self":[{"href":"https:\/\/morari-transport.de\/ro\/wp-json\/wp\/v2\/pages\/1556","targetHints":{"allow":["GET"]}}],"collection":[{"href":"https:\/\/morari-transport.de\/ro\/wp-json\/wp\/v2\/pages"}],"about":[{"href":"https:\/\/morari-transport.de\/ro\/wp-json\/wp\/v2\/types\/page"}],"author":[{"embeddable":true,"href":"https:\/\/morari-transport.de\/ro\/wp-json\/wp\/v2\/users\/1"}],"replies":[{"embeddable":true,"href":"https:\/\/morari-transport.de\/ro\/wp-json\/wp\/v2\/comments?post=1556"}],"version-history":[{"count":18,"href":"https:\/\/morari-transport.de\/ro\/wp-json\/wp\/v2\/pages\/1556\/revisions"}],"predecessor-version":[{"id":2188,"href":"https:\/\/morari-transport.de\/ro\/wp-json\/wp\/v2\/pages\/1556\/revisions\/2188"}],"wp:attachment":[{"href":"https:\/\/morari-transport.de\/ro\/wp-json\/wp\/v2\/media?parent=1556"}],"curies":[{"name":"wp","href":"https:\/\/api.w.org\/{rel}","templated":true}]}}