{"id":2070,"date":"2025-06-17T04:54:42","date_gmt":"2025-06-17T04:54:42","guid":{"rendered":"https:\/\/morari-transport.de\/?page_id=2070"},"modified":"2025-06-17T05:16:11","modified_gmt":"2025-06-17T05:16:11","slug":"kontaktieren-sie-uns","status":"publish","type":"page","link":"https:\/\/morari-transport.de\/ro\/kontaktieren-sie-uns\/","title":{"rendered":"Kontaktieren Sie uns"},"content":{"rendered":"\t\t<div data-elementor-type=\"wp-page\" data-elementor-id=\"2070\" class=\"elementor elementor-2070\" data-elementor-settings=\"{&quot;ha_cmc_init_switcher&quot;:&quot;no&quot;}\" data-elementor-post-type=\"page\">\n\t\t\t\t<div class=\"elementor-element elementor-element-00969b0 e-con-full e-flex e-con e-parent\" data-id=\"00969b0\" data-element_type=\"container\" data-e-type=\"container\" data-settings=\"{&quot;_ha_eqh_enable&quot;:false}\">\n\t\t\t\t<div class=\"elementor-element elementor-element-23d2e79 exad-sticky-section-no exad-glass-effect-no elementor-widget elementor-widget-image\" data-id=\"23d2e79\" data-element_type=\"widget\" data-e-type=\"widget\" data-widget_type=\"image.default\">\n\t\t\t\t<div class=\"elementor-widget-container\">\n\t\t\t\t\t\t\t\t\t\t\t\t\t\t\t<img fetchpriority=\"high\" decoding=\"async\" width=\"1903\" height=\"609\" src=\"https:\/\/morari-transport.de\/wp-content\/uploads\/2025\/06\/Svyaz.png\" class=\"attachment-full size-full wp-image-1850\" alt=\"\" srcset=\"https:\/\/morari-transport.de\/wp-content\/uploads\/2025\/06\/Svyaz.png 1903w, https:\/\/morari-transport.de\/wp-content\/uploads\/2025\/06\/Svyaz-300x96.png 300w, https:\/\/morari-transport.de\/wp-content\/uploads\/2025\/06\/Svyaz-1024x328.png 1024w, https:\/\/morari-transport.de\/wp-content\/uploads\/2025\/06\/Svyaz-768x246.png 768w, https:\/\/morari-transport.de\/wp-content\/uploads\/2025\/06\/Svyaz-1536x492.png 1536w\" sizes=\"(max-width: 1903px) 100vw, 1903px\" \/>\t\t\t\t\t\t\t\t\t\t\t\t\t\t\t<\/div>\n\t\t\t\t<\/div>\n\t\t\t\t<\/div>\n\t\t<div class=\"elementor-element elementor-element-785c890 e-con-full e-flex e-con e-parent\" data-id=\"785c890\" data-element_type=\"container\" data-e-type=\"container\" data-settings=\"{&quot;_ha_eqh_enable&quot;:false}\">\n\t\t<div class=\"elementor-element elementor-element-f200aef e-con-full e-flex e-con e-child\" data-id=\"f200aef\" data-element_type=\"container\" data-e-type=\"container\" data-settings=\"{&quot;_ha_eqh_enable&quot;:false}\">\n\t\t\t\t<div class=\"elementor-element elementor-element-95a1ce3 exad-sticky-section-no exad-glass-effect-no elementor-widget elementor-widget-copic_contact_us\" data-id=\"95a1ce3\" data-element_type=\"widget\" data-e-type=\"widget\" data-widget_type=\"copic_contact_us.default\">\n\t\t\t\t<div class=\"elementor-widget-container\">\n\t\t\t\t\t\r\n\t<!--copic-contact start-->\r\n\t<section class=\"copic-contact position-relative pt-120 pb-80 pt-lg-8 pb-lg-60 pb-md-60 pt-md-60 pt-xs-60 pb-xs-60\">\r\n\t\t        <div class=\"container\">\r\n\t\t\t<div class=\"row align-items-center\">\r\n\t\t\t\t<div class=\"col-xl-4 col-lg-5 col-md-5\">\r\n\t\t\t\t\t<div class=\"contact-info mb-30\">\r\n\t\t\t\t\t   <div class=\"info-box pr-90 pr-lg-0 pr-md-0 pr-xs-0\">\r\n\t\t\t\t\t\t   \t\t\t\t\t\t   <h5 class=\"fw-medium fs-20 mb-3 text-uppercase\">Kontaktieren Sie uns <\/h5>\r\n\t\t\t\t\t\t   <p><a href=\"mailto:office@morari-transport.de\">\n E-Mail: office@morari-transport.de<\/a><\/p>\n<p class=\"mb-35\"><a href=\"tel:+88-01682648101\">\nTelefon: +49 151 64004400  <\/a><\/p>\t\t\t\t\t\t   \t\t\t\t\t\t   <h5 class=\"fw-medium fs-20 mb-3 text-uppercase\">Standort<\/h5>\r\n\t\t\t\t\t\t   B\u00fcro: \nGeorg-Wilhelm-Stra\u00dfe 3 \n10711 Berlin \n<br><br>\n\u00d6ffnungszeiten: <br>\nMontag \u2013 Freitag: 08:00 \u2013 19:00 <br>\nSamstag: 10:00 \u2013 15:00 <br>\nSonntag: geschlossen \t\t\t\t\t\t   \t\t\t\t\t\t   <p><br><\/p>\t\t\t\t\t\t   <h3 class=\"contact-title fw-medium mb-4\">Firmensitz \/ Impressum \n<Br><br>\nMorari Transport GmbH \nWestf\u00e4lische Stra\u00dfe 39 \n10711 Berlin \nHRB 227814 B (Amtsgericht Charlottenburg)<\/h3>\t\t\t\t\t\t   <img decoding=\"async\" src=\"https:\/\/morari-transport.de\/wp-content\/uploads\/2021\/12\/current-loc-1.svg\" alt=\"Awesome Image\">\t\t\t\t\t   <\/div>\r\n\t\t\t\t\t<\/div>\r\n\t\t\t\t<\/div>\r\n\t\t\t\t<div class=\"col-xl-8 col-lg-7 col-md-7\">\r\n\t\t\t\t\t<div class=\"contact-wrapper\" data-bg-src=\"https:\/\/morari-transport.de\/wp-content\/themes\/copic\/assets\/img\/contact\/map-bg-1.png\">\r\n\t\t\t\t\t\t<div class=\"contact-wrapper-inner pl-25 pr-35 mb-30 pr-xs-0 pl-xs-0\">\r\n\t\t\t\t\t\t\t                            <div class=\"contact-form-1\">\r\n                                                            <\/div>\r\n                        <\/div>\r\n\t\t\t\t\t<\/div>\r\n\t\t\t\t<\/div>\r\n\t\t\t<\/div>\r\n\t\t<\/div>\r\n\t<\/section>\r\n\t<!--copic-contact end-->\r\n                \r\n    \t\t\t\t<\/div>\n\t\t\t\t<\/div>\n\t\t\t\t<\/div>\n\t\t<div class=\"elementor-element elementor-element-fa9b453 e-con-full e-flex e-con e-child\" data-id=\"fa9b453\" data-element_type=\"container\" data-e-type=\"container\" data-settings=\"{&quot;_ha_eqh_enable&quot;:false}\">\n\t\t<div class=\"elementor-element elementor-element-cc87c74 e-con-full e-transform e-transform e-flex e-con e-child\" data-id=\"cc87c74\" data-element_type=\"container\" data-e-type=\"container\" data-settings=\"{&quot;background_background&quot;:&quot;classic&quot;,&quot;background_motion_fx_mouseTrack_effect&quot;:&quot;yes&quot;,&quot;background_motion_fx_mouseTrack_speed&quot;:{&quot;unit&quot;:&quot;px&quot;,&quot;size&quot;:&quot;0.5&quot;,&quot;sizes&quot;:[]},&quot;background_motion_fx_motion_fx_mouse&quot;:&quot;yes&quot;,&quot;background_motion_fx_mouseTrack_direction&quot;:&quot;negative&quot;,&quot;_transform_translateX_effect&quot;:{&quot;unit&quot;:&quot;px&quot;,&quot;size&quot;:0,&quot;sizes&quot;:[]},&quot;_ha_eqh_enable&quot;:false,&quot;_transform_translateX_effect_tablet&quot;:{&quot;unit&quot;:&quot;px&quot;,&quot;size&quot;:&quot;&quot;,&quot;sizes&quot;:[]},&quot;_transform_translateX_effect_mobile&quot;:{&quot;unit&quot;:&quot;px&quot;,&quot;size&quot;:&quot;&quot;,&quot;sizes&quot;:[]},&quot;_transform_translateY_effect&quot;:{&quot;unit&quot;:&quot;px&quot;,&quot;size&quot;:&quot;&quot;,&quot;sizes&quot;:[]},&quot;_transform_translateY_effect_tablet&quot;:{&quot;unit&quot;:&quot;px&quot;,&quot;size&quot;:&quot;&quot;,&quot;sizes&quot;:[]},&quot;_transform_translateY_effect_mobile&quot;:{&quot;unit&quot;:&quot;px&quot;,&quot;size&quot;:&quot;&quot;,&quot;sizes&quot;:[]},&quot;_transform_skewX_effect&quot;:{&quot;unit&quot;:&quot;px&quot;,&quot;size&quot;:&quot;&quot;,&quot;sizes&quot;:[]},&quot;_transform_skewX_effect_tablet&quot;:{&quot;unit&quot;:&quot;deg&quot;,&quot;size&quot;:&quot;&quot;,&quot;sizes&quot;:[]},&quot;_transform_skewX_effect_mobile&quot;:{&quot;unit&quot;:&quot;deg&quot;,&quot;size&quot;:&quot;&quot;,&quot;sizes&quot;:[]},&quot;_transform_skewY_effect&quot;:{&quot;unit&quot;:&quot;px&quot;,&quot;size&quot;:&quot;&quot;,&quot;sizes&quot;:[]},&quot;_transform_skewY_effect_tablet&quot;:{&quot;unit&quot;:&quot;deg&quot;,&quot;size&quot;:&quot;&quot;,&quot;sizes&quot;:[]},&quot;_transform_skewY_effect_mobile&quot;:{&quot;unit&quot;:&quot;deg&quot;,&quot;size&quot;:&quot;&quot;,&quot;sizes&quot;:[]}}\">\n\t\t\t\t<div class=\"elementor-element elementor-element-19fa1c5 elementor-widget__width-auto elementor-absolute elementor-widget-mobile__width-initial exad-sticky-section-no exad-glass-effect-no elementor-invisible elementor-widget elementor-widget-image\" data-id=\"19fa1c5\" data-element_type=\"widget\" data-e-type=\"widget\" data-settings=\"{&quot;_position&quot;:&quot;absolute&quot;,&quot;motion_fx_motion_fx_mouse&quot;:&quot;yes&quot;,&quot;motion_fx_mouseTrack_effect&quot;:&quot;yes&quot;,&quot;motion_fx_mouseTrack_speed&quot;:{&quot;unit&quot;:&quot;px&quot;,&quot;size&quot;:&quot;0.2&quot;,&quot;sizes&quot;:[]},&quot;_animation&quot;:&quot;rotateInDownLeft&quot;,&quot;_animation_delay&quot;:&quot;600&quot;}\" data-widget_type=\"image.default\">\n\t\t\t\t<div class=\"elementor-widget-container\">\n\t\t\t\t\t\t\t\t\t\t\t\t\t\t\t<img decoding=\"async\" width=\"150\" height=\"150\" src=\"https:\/\/morari-transport.de\/wp-content\/uploads\/2025\/06\/small_c_popup-150x150.png\" class=\"attachment-thumbnail size-thumbnail wp-image-1476\" alt=\"\" srcset=\"https:\/\/morari-transport.de\/wp-content\/uploads\/2025\/06\/small_c_popup-150x150.png 150w, https:\/\/morari-transport.de\/wp-content\/uploads\/2025\/06\/small_c_popup-81x81.png 81w, https:\/\/morari-transport.de\/wp-content\/uploads\/2025\/06\/small_c_popup-78x78.png 78w, https:\/\/morari-transport.de\/wp-content\/uploads\/2025\/06\/small_c_popup-100x100.png 100w\" sizes=\"(max-width: 150px) 100vw, 150px\" \/>\t\t\t\t\t\t\t\t\t\t\t\t\t\t\t<\/div>\n\t\t\t\t<\/div>\n\t\t<div class=\"elementor-element elementor-element-bded24d e-con-full e-flex e-con e-child\" data-id=\"bded24d\" data-element_type=\"container\" data-e-type=\"container\" data-settings=\"{&quot;background_background&quot;:&quot;classic&quot;,&quot;_ha_eqh_enable&quot;:false}\">\n\t\t\t\t<div class=\"elementor-element elementor-element-9fa12fd exad-sticky-section-no exad-glass-effect-no elementor-widget elementor-widget-heading\" data-id=\"9fa12fd\" data-element_type=\"widget\" data-e-type=\"widget\" data-widget_type=\"heading.default\">\n\t\t\t\t<div class=\"elementor-widget-container\">\n\t\t\t\t\t<h2 class=\"elementor-heading-title elementor-size-default\">Feedback-Formular<\/h2>\t\t\t\t<\/div>\n\t\t\t\t<\/div>\n\t\t\t\t<div class=\"elementor-element elementor-element-d664d30 exad-sticky-section-no exad-glass-effect-no elementor-widget elementor-widget-heading\" data-id=\"d664d30\" data-element_type=\"widget\" data-e-type=\"widget\" data-widget_type=\"heading.default\">\n\t\t\t\t<div class=\"elementor-widget-container\">\n\t\t\t\t\t<h3 class=\"elementor-heading-title elementor-size-default\">F\u00fcllen wir das Formular aus<\/h3>\t\t\t\t<\/div>\n\t\t\t\t<\/div>\n\t\t\t\t<div class=\"elementor-element elementor-element-02aa249 elementor-button-align-end elementor-widget__width-initial exad-sticky-section-no exad-glass-effect-no elementor-widget elementor-widget-form\" data-id=\"02aa249\" data-element_type=\"widget\" data-e-type=\"widget\" data-settings=\"{&quot;step_next_label&quot;:&quot;Next&quot;,&quot;step_previous_label&quot;:&quot;Previous&quot;,&quot;button_width&quot;:&quot;100&quot;,&quot;step_type&quot;:&quot;number_text&quot;,&quot;step_icon_shape&quot;:&quot;circle&quot;}\" data-widget_type=\"form.default\">\n\t\t\t\t<div class=\"elementor-widget-container\">\n\t\t\t\t\t\t\t<form class=\"elementor-form\" method=\"post\" name=\"New Form\">\n\t\t\t<input type=\"hidden\" name=\"post_id\" value=\"2070\"\/>\n\t\t\t<input type=\"hidden\" name=\"form_id\" value=\"02aa249\"\/>\n\t\t\t<input type=\"hidden\" name=\"referer_title\" value=\"Kontaktieren Sie uns\" \/>\n\n\t\t\t\t\t\t\t<input type=\"hidden\" name=\"queried_id\" value=\"2070\"\/>\n\t\t\t\n\t\t\t<div class=\"elementor-form-fields-wrapper elementor-labels-above\">\n\t\t\t\t\t\t\t\t<div class=\"elementor-field-type-select elementor-field-group elementor-column elementor-field-group-field_ae61ce1 elementor-col-100 elementor-field-required\">\n\t\t\t\t\t\t\t<div class=\"elementor-field elementor-select-wrapper remove-before \">\n\t\t\t<div class=\"select-caret-down-wrapper\">\n\t\t\t\t<svg aria-hidden=\"true\" class=\"e-font-icon-svg e-eicon-caret-down\" viewBox=\"0 0 571.4 571.4\" xmlns=\"http:\/\/www.w3.org\/2000\/svg\"><path d=\"M571 393Q571 407 561 418L311 668Q300 679 286 679T261 668L11 418Q0 407 0 393T11 368 36 357H536Q550 357 561 368T571 393Z\"><\/path><\/svg>\t\t\t<\/div>\n\t\t\t<select name=\"form_fields[field_ae61ce1]\" id=\"form-field-field_ae61ce1\" class=\"elementor-field-textual elementor-size-md\" required=\"required\" aria-required=\"true\">\n\t\t\t\t\t\t\t\t\t<option value=\"Betreff der Anfrage\">Betreff der Anfrage<\/option>\n\t\t\t\t\t\t\t\t\t<option value=\"Hermes\">Hermes<\/option>\n\t\t\t\t\t\t\t\t\t<option value=\"Trans O Flex\">Trans O Flex<\/option>\n\t\t\t\t\t\t\t\t\t<option value=\"Morari Logistik\">Morari Logistik<\/option>\n\t\t\t\t\t\t\t\t\t<option value=\"FIX AUTOTEILE\">FIX AUTOTEILE<\/option>\n\t\t\t\t\t\t\t\t\t<option value=\"Stellenangebote\">Stellenangebote<\/option>\n\t\t\t\t\t\t\t\t\t<option value=\"Frage\">Frage<\/option>\n\t\t\t\t\t\t\t\t\t<option value=\"Beschwerde\">Beschwerde<\/option>\n\t\t\t\t\t\t\t\t\t<option value=\"Zusammenarbeit\">Zusammenarbeit<\/option>\n\t\t\t\t\t\t\t<\/select>\n\t\t<\/div>\n\t\t\t\t\t\t<\/div>\n\t\t\t\t\t\t\t\t<div class=\"elementor-field-type-text elementor-field-group elementor-column elementor-field-group-field_1 elementor-col-100\">\n\t\t\t\t\t\t\t\t\t\t\t\t\t<input size=\"1\" type=\"text\" name=\"form_fields[field_1]\" id=\"form-field-field_1\" class=\"elementor-field elementor-size-md  elementor-field-textual\" placeholder=\"Name\">\n\t\t\t\t\t\t\t\t\t\t\t<\/div>\n\t\t\t\t\t\t\t\t<div class=\"elementor-field-type-tel elementor-field-group elementor-column elementor-field-group-field_565a03e elementor-col-100 elementor-field-required\">\n\t\t\t\t\t\t\t<input size=\"1\" type=\"tel\" name=\"form_fields[field_565a03e]\" id=\"form-field-field_565a03e\" class=\"elementor-field elementor-size-md  elementor-field-textual\" placeholder=\"Ihr Zimmernummer ist\" required=\"required\" aria-required=\"true\" pattern=\"[0-9()#&amp;+*-=.]+\" title=\"Only numbers and phone characters (#, -, *, etc) are accepted.\">\n\n\t\t\t\t\t\t<\/div>\n\t\t\t\t\t\t\t\t<div class=\"elementor-field-type-email elementor-field-group elementor-column elementor-field-group-field_0e53666 elementor-col-100 elementor-field-required\">\n\t\t\t\t\t\t\t\t\t\t\t\t\t<input size=\"1\" type=\"email\" name=\"form_fields[field_0e53666]\" id=\"form-field-field_0e53666\" class=\"elementor-field elementor-size-md  elementor-field-textual\" placeholder=\"E-mail\" required=\"required\" aria-required=\"true\">\n\t\t\t\t\t\t\t\t\t\t\t<\/div>\n\t\t\t\t\t\t\t\t<div class=\"elementor-field-type-textarea elementor-field-group elementor-column elementor-field-group-field_b2948f8 elementor-col-100\">\n\t\t\t\t\t<textarea class=\"elementor-field-textual elementor-field  elementor-size-md\" name=\"form_fields[field_b2948f8]\" id=\"form-field-field_b2948f8\" rows=\"11\" placeholder=\"Nachricht\"><\/textarea>\t\t\t\t<\/div>\n\t\t\t\t\t\t\t\t<div class=\"elementor-field-group elementor-column elementor-field-type-submit elementor-col-100 e-form__buttons\">\n\t\t\t\t\t<button class=\"elementor-button elementor-size-md\" type=\"submit\">\n\t\t\t\t\t\t<span class=\"elementor-button-content-wrapper\">\n\t\t\t\t\t\t\t\t\t\t\t\t\t\t\t<span class=\"elementor-button-icon\">\n\t\t\t\t\t\t\t\t\t<svg aria-hidden=\"true\" class=\"e-font-icon-svg e-fas-arrow-right\" viewBox=\"0 0 448 512\" xmlns=\"http:\/\/www.w3.org\/2000\/svg\"><path d=\"M190.5 66.9l22.2-22.2c9.4-9.4 24.6-9.4 33.9 0L441 239c9.4 9.4 9.4 24.6 0 33.9L246.6 467.3c-9.4 9.4-24.6 9.4-33.9 0l-22.2-22.2c-9.5-9.5-9.3-25 .4-34.3L311.4 296H24c-13.3 0-24-10.7-24-24v-32c0-13.3 10.7-24 24-24h287.4L190.9 101.2c-9.8-9.3-10-24.8-.4-34.3z\"><\/path><\/svg>\t\t\t\t\t\t\t\t\t\t\t\t\t\t\t\t\t<\/span>\n\t\t\t\t\t\t\t\t\t\t\t\t\t\t\t\t\t\t\t\t\t\t<span class=\"elementor-button-text\">Bewerbung einreichen<\/span>\n\t\t\t\t\t\t\t\t\t\t\t\t\t<\/span>\n\t\t\t\t\t<\/button>\n\t\t\t\t<\/div>\n\t\t\t<\/div>\n\t\t<\/form>\n\t\t\t\t\t\t<\/div>\n\t\t\t\t<\/div>\n\t\t\t\t<\/div>\n\t\t\t\t<\/div>\n\t\t\t\t<\/div>\n\t\t\t\t<\/div>\n\t\t<div class=\"elementor-element elementor-element-db520fa e-con-full e-flex e-con e-parent\" data-id=\"db520fa\" data-element_type=\"container\" data-e-type=\"container\" data-settings=\"{&quot;_ha_eqh_enable&quot;:false}\">\n\t\t\t\t<div class=\"elementor-element elementor-element-6943387 exad-sticky-section-no exad-glass-effect-no elementor-widget elementor-widget-google_maps\" data-id=\"6943387\" data-element_type=\"widget\" data-e-type=\"widget\" data-widget_type=\"google_maps.default\">\n\t\t\t\t<div class=\"elementor-widget-container\">\n\t\t\t\t\t\t\t<div class=\"elementor-custom-embed\">\n\t\t\t<iframe loading=\"lazy\"\n\t\t\t\t\tsrc=\"https:\/\/maps.google.com\/maps?q=Georg-Wilhelm-Stra%C3%9Fe%203%2C%2010711%20Berlin&#038;t=m&#038;z=13&#038;output=embed&#038;iwloc=near\"\n\t\t\t\t\ttitle=\"Georg-Wilhelm-Stra\u00dfe 3, 10711 Berlin\"\n\t\t\t\t\taria-label=\"Georg-Wilhelm-Stra\u00dfe 3, 10711 Berlin\"\n\t\t\t><\/iframe>\n\t\t<\/div>\n\t\t\t\t\t\t<\/div>\n\t\t\t\t<\/div>\n\t\t\t\t<\/div>\n\t\t\t\t<\/div>\n\t\t","protected":false},"excerpt":{"rendered":"<p>Kontaktieren Sie uns E-Mail: office@morari-transport.de Telefon: +49 151 64004400 Standort B\u00fcro: Georg-Wilhelm-Stra\u00dfe 3 10711 Berlin \u00d6ffnungszeiten: Montag \u2013 Freitag: 08:00 \u2013 19:00 Samstag: 10:00 \u2013 15:00 Sonntag: geschlossen Firmensitz \/ Impressum Morari Transport GmbH Westf\u00e4lische Stra\u00dfe 39 10711 Berlin HRB 227814 B (Amtsgericht Charlottenburg) Feedback-Formular F\u00fcllen wir das Formular aus<\/p>","protected":false},"author":1,"featured_media":0,"parent":0,"menu_order":0,"comment_status":"closed","ping_status":"closed","template":"elementor_header_footer","meta":{"_glsr_average":0,"_glsr_ranking":0,"_glsr_reviews":0,"footnotes":""},"class_list":["post-2070","page","type-page","status-publish","hentry"],"_links":{"self":[{"href":"https:\/\/morari-transport.de\/ro\/wp-json\/wp\/v2\/pages\/2070","targetHints":{"allow":["GET"]}}],"collection":[{"href":"https:\/\/morari-transport.de\/ro\/wp-json\/wp\/v2\/pages"}],"about":[{"href":"https:\/\/morari-transport.de\/ro\/wp-json\/wp\/v2\/types\/page"}],"author":[{"embeddable":true,"href":"https:\/\/morari-transport.de\/ro\/wp-json\/wp\/v2\/users\/1"}],"replies":[{"embeddable":true,"href":"https:\/\/morari-transport.de\/ro\/wp-json\/wp\/v2\/comments?post=2070"}],"version-history":[{"count":7,"href":"https:\/\/morari-transport.de\/ro\/wp-json\/wp\/v2\/pages\/2070\/revisions"}],"predecessor-version":[{"id":2083,"href":"https:\/\/morari-transport.de\/ro\/wp-json\/wp\/v2\/pages\/2070\/revisions\/2083"}],"wp:attachment":[{"href":"https:\/\/morari-transport.de\/ro\/wp-json\/wp\/v2\/media?parent=2070"}],"curies":[{"name":"wp","href":"https:\/\/api.w.org\/{rel}","templated":true}]}}