{"id":319,"date":"2021-12-09T20:30:03","date_gmt":"2021-12-09T20:30:03","guid":{"rendered":"http:\/\/themazine.com\/newwp\/copic\/?page_id=319"},"modified":"2025-06-26T08:52:19","modified_gmt":"2025-06-26T08:52:19","slug":"about-us","status":"publish","type":"page","link":"https:\/\/morari-transport.de\/ro\/about-us\/","title":{"rendered":"About Us"},"content":{"rendered":"<div data-elementor-type=\"wp-page\" data-elementor-id=\"319\" class=\"elementor elementor-319\" data-elementor-settings=\"{&quot;ha_cmc_init_switcher&quot;:&quot;no&quot;}\" data-elementor-post-type=\"page\">\n\t\t\t\t<div class=\"elementor-element elementor-element-68eabc2 e-con-full e-flex e-con e-parent\" data-id=\"68eabc2\" data-element_type=\"container\" data-e-type=\"container\" data-settings=\"{&quot;_ha_eqh_enable&quot;:false}\">\n\t\t\t\t<div class=\"elementor-element elementor-element-c0b9282 exad-sticky-section-no exad-glass-effect-no elementor-widget elementor-widget-image\" data-id=\"c0b9282\" data-element_type=\"widget\" data-e-type=\"widget\" data-widget_type=\"image.default\">\n\t\t\t\t<div class=\"elementor-widget-container\">\n\t\t\t\t\t\t\t\t\t\t\t\t\t\t\t<img fetchpriority=\"high\" decoding=\"async\" width=\"1903\" height=\"609\" src=\"https:\/\/morari-transport.de\/wp-content\/uploads\/2025\/06\/O-nas.png\" class=\"attachment-full size-full wp-image-1855\" alt=\"\" srcset=\"https:\/\/morari-transport.de\/wp-content\/uploads\/2025\/06\/O-nas.png 1903w, https:\/\/morari-transport.de\/wp-content\/uploads\/2025\/06\/O-nas-300x96.png 300w, https:\/\/morari-transport.de\/wp-content\/uploads\/2025\/06\/O-nas-1024x328.png 1024w, https:\/\/morari-transport.de\/wp-content\/uploads\/2025\/06\/O-nas-768x246.png 768w, https:\/\/morari-transport.de\/wp-content\/uploads\/2025\/06\/O-nas-1536x492.png 1536w\" sizes=\"(max-width: 1903px) 100vw, 1903px\" \/>\t\t\t\t\t\t\t\t\t\t\t\t\t\t\t<\/div>\n\t\t\t\t<\/div>\n\t\t\t\t<\/div>\n\t\t<div class=\"elementor-element elementor-element-92695df e-flex e-con-boxed e-con e-parent\" data-id=\"92695df\" data-element_type=\"container\" data-e-type=\"container\" data-settings=\"{&quot;_ha_eqh_enable&quot;:false}\">\n\t\t\t\t\t<div class=\"e-con-inner\">\n\t\t\t\t<div class=\"elementor-element elementor-element-4da8bae exad-sticky-section-no exad-glass-effect-no elementor-widget elementor-widget-ucaddon_vertical_curve_timeline\" data-id=\"4da8bae\" data-element_type=\"widget\" data-e-type=\"widget\" data-widget_type=\"ucaddon_vertical_curve_timeline.default\">\n\t\t\t\t<div class=\"elementor-widget-container\">\n\t\t\t\t\t\n<!-- start Vertical Curved Timeline -->\n\t\t<link id='font-awesome-css' href='https:\/\/morari-transport.de\/wp-content\/plugins\/unlimited-elements-for-elementor-premium\/assets_libraries\/font-awesome6\/fontawesome-all.min.css' type='text\/css' rel='stylesheet' >\n\t\t<link id='font-awesome-4-shim-css' href='https:\/\/morari-transport.de\/wp-content\/plugins\/unlimited-elements-for-elementor-premium\/assets_libraries\/font-awesome6\/fontawesome-v4-shims.min.css' type='text\/css' rel='stylesheet' >\n\n<style>\/* widget: Vertical Curved Timeline *\/\n\n#uc_vertical_curve_timeline_elementor_4da8bae.ue-container{\n  width: 100%;\n  display: flex;\n  align-items: center;\n}\n\n\/* Timeline Container *\/\n\n#uc_vertical_curve_timeline_elementor_4da8bae .ue-timeline {\n  width:100%;\n  margin: 0 auto;\n  padding: 0 20px;\n}\n\n#uc_vertical_curve_timeline_elementor_4da8bae .ue-item-image{\n  overflow:hidden;\n}\n\n#uc_vertical_curve_timeline_elementor_4da8bae .ue-item-image img{\n  width:100%;\n  height: 100%;\n  transition:0.3s;\n}\n\n\/* Card container *\/\n#uc_vertical_curve_timeline_elementor_4da8bae .ue-card {\n  position: relative;\n  display: flex;\n}\n\n#uc_vertical_curve_timeline_elementor_4da8bae .ue-slno{\n  border-radius: 50%;\n  position: absolute;\n  top: 50%;\n  left: 0;\n  transform: translate(-50%, -50%);\n  display: grid;\n  place-content: center;\n}\n\n\/* setting padding based on even or odd *\/\n  #uc_vertical_curve_timeline_elementor_4da8bae .ue-card:nth-child(odd) {\n    padding: 30px 0 30px 30px;\n  }\n  #uc_vertical_curve_timeline_elementor_4da8bae .ue-card:nth-child(even) {\n    padding: 30px 30px 30px 0;\n  }\n  \/* Global ::before *\/\n  #uc_vertical_curve_timeline_elementor_4da8bae .ue-card::before {\n    content: \"\";\n    position: absolute;\n    width: 50%;\n  }\n\n  \/* Setting the border of top, bottom, left *\/\n  #uc_vertical_curve_timeline_elementor_4da8bae .ue-card:nth-child(odd)::before {\n    left: 0px;\n    top: -5px;\n    bottom: -5px;\n    border-width: 5px 0 5px 5px;\n    border-radius: 20px 0 0 20px;\n  }\n\n  \/* Setting the top and bottom to \"-5px\" because earlier it was out of a pixel in mobile devices *\/\n  @media only screen and (max-width: 400px) {\n    #uc_vertical_curve_timeline_elementor_4da8bae .ue-card:nth-child(odd)::before {\n      top: -5px;\n      bottom: -5px;\n    }\n  }\n\n  \/* Setting the border of top, bottom, right *\/\n  #uc_vertical_curve_timeline_elementor_4da8bae .ue-card:nth-child(even)::before {\n    right: 0;\n    top: 0;\n    bottom: 0;\n    border-width: 5px 5px 5px 0;\n    border-radius: 0 20px 20px 0;\n  }\n\n  \/* Removing the border if it is the first card *\/\n  #uc_vertical_curve_timeline_elementor_4da8bae .ue-card:first-child::before {\n    border-top: 0;\n    border-top-left-radius: 0;\n  }\n\n  \/* Removing the border if it is the last card  and it's odd *\/\n  #uc_vertical_curve_timeline_elementor_4da8bae .ue-card:last-child:nth-child(odd)::before {\n    border-bottom: 0;\n    border-bottom-left-radius: 0;\n  }\n\n  \/* Removing the border if it is the last card  and it's even *\/\n  #uc_vertical_curve_timeline_elementor_4da8bae .ue-card:last-child:nth-child(even)::before {\n    border-bottom: 0;\n    border-bottom-right-radius: 0;\n  }\n\n  \/* Information about the timeline *\/\n  #uc_vertical_curve_timeline_elementor_4da8bae .ue-info {\n    display: flex;\n    flex-direction: column;\n    border-radius: 10px;\n    padding: 10px;\n    width: 100%;\n  }\n\n  \/* Title of the card *\/\n  #uc_vertical_curve_timeline_elementor_4da8bae .ue-title {\n    position: relative;\n  }\n\n  \/* Timeline dot  *\/\n\n  \/* text right if the card is even  *\/\n  #uc_vertical_curve_timeline_elementor_4da8bae .ue-card:nth-child(even) {\n    text-align: right;\n  }\n\n  #uc_vertical_curve_timeline_elementor_4da8bae .ue-card:nth-child(even) .ue-item-image{\n    margin-left: auto;\n  }\n\n  #uc_vertical_curve_timeline_elementor_4da8bae .ue-card:nth-child(even) .ue-info{\n    padding-right: 20px;\n    margin-left: auto;\n  }\n\n  #uc_vertical_curve_timeline_elementor_4da8bae .ue-card:nth-child(odd) .ue-info{\n    padding-left: 20px;\n  }\n\n  \/* setting dot to the left if the card is odd *\/\n  #uc_vertical_curve_timeline_elementor_4da8bae .ue-card:nth-child(odd) > .ue-info > .ue-title::before {\n    left: -45px;\n  }\n\n  #uc_vertical_curve_timeline_elementor_4da8bae .ue-card:nth-child(even) > .ue-slno{\n    right: 0%;\n    left: auto;\n    transform: translate(50%, -50%);\n    margin-right:2px;\n  }\n\n  #uc_vertical_curve_timeline_elementor_4da8bae .ue-card:nth-child(odd) > .ue-slno{\n    margin-left:2px;\n  }\n\n  #uc_vertical_curve_timeline_elementor_4da8bae .ue-card:nth-child(1)::before{\n    height: 50%;\n    top: auto;\n  }\n\n  #uc_vertical_curve_timeline_elementor_4da8bae .ue-card:last-child::before{\n    height: 50%;\n  }\n\n  #uc_vertical_curve_timeline_elementor_4da8bae .ue-button-link{\n    width:fit-content;\n    z-index: 100;\n  }\n\n  #uc_vertical_curve_timeline_elementor_4da8bae .ue-card:nth-child(even) .ue-button-link {\n    margin-left:auto;\n  }\n\n\n\n<\/style>\n\n<div id=\"uc_vertical_curve_timeline_elementor_4da8bae\" class=\"ue-container\">\n  <div class=\"ue-timeline\">\n    <div class=\"ue-outer\">              \n      <div class=\"ue-card elementor-repeater-item-29657e0\">\n  \n  <div class=\"ue-slno\">\n    1          \n  <\/div>\n  \n  <div class=\"ue-info\">\n                    \t\n    <h3 class=\"ue-title\">Introducere<\/h3>        <div class=\"ue-description\"><p class=\"translation-block\">Morari Transport GmbH a fost fondat\u0103 pe 18 septembrie 2017 de t\u00e2n\u0103rul antreprenor \nSerghei Morari din Republica Moldova. \nDe la \u00eenfiin\u021bare, compania se dezvolt\u0103 activ \u00een domeniul logisticii \u0219i transportului de m\u0103rfuri, \noferind o gam\u0103 larg\u0103 de solu\u021bii de transport \u00een \u00eentreaga Europ\u0103. \nSediul central este situat \u00een Berlin, iar compania are reprezentan\u021be \u00een Moldova \u0219i Rom\u00e2nia. \nOferim servicii de curierat, inclusiv transport de medicamente \u0219i m\u0103rfuri periculoase (ADR), \nrealiz\u0103m transporturi interna\u021bionale, mut\u0103ri \u0219i distribu\u021bie de piese auto. \nScopul nostru este s\u0103 asigur\u0103m servicii de transport sigure, rapide \u0219i fiabile \u2013 at\u00e2t pentru \nclien\u021bi corporativi, c\u00e2t \u0219i pentru persoane fizice. Ne concentr\u0103m pe servicii de calitate, solu\u021bii \npersonalizate \u0219i logistic\u0103 eficient\u0103, cu costuri optimizate.<\/p><\/div>      <\/div>\n<\/div>\n<div class=\"ue-card elementor-repeater-item-a79b9dc\">\n  \n  <div class=\"ue-slno\">\n    2          \n  <\/div>\n  \n  <div class=\"ue-info\">\n                    \t\n    <h3 class=\"ue-title\">Hermes<\/h3>        <div class=\"ue-description\"><p class=\"translation-block\">Colaborarea cu Hermes a \u00eenceput \u00een anul 2017 \u0219i continu\u0103 p\u00e2n\u0103 \u00een prezent. \nMorari Transport GmbH este unul dintre principalii subcontractori \u00een Berlin \u0219i Magdeburg, \nlivr\u00e2nd lunar comenzi pentru peste 200.000 de clien\u021bi. \nEchipa noastr\u0103 planific\u0103 \u0219i organizeaz\u0103 \u00eentregul proces logistic: livrare, sortare \u0219i \nmanagement opera\u021bional. \nAceast\u0103 colaborare a fost un pas important \u00een dezvoltarea noastr\u0103 profesional\u0103 \u0219i \u00een \nextinderea serviciilor oferite. De la lun\u0103 la lun\u0103, cre\u0219tem \u0219i deservim un num\u0103r tot mai mare \nde clien\u021bi \u00een acest segment.<\/p><\/div>      <\/div>\n<\/div>\n<div class=\"ue-card elementor-repeater-item-851b29d\">\n  \n  <div class=\"ue-slno\">\n    3          \n  <\/div>\n  \n  <div class=\"ue-info\">\n                    \t\n    <h3 class=\"ue-title\">Trans-o-flex<\/h3>        <div class=\"ue-description\"><p>\u00cen 2022, la invita\u021bia companiei Trans-o-flex, am \u00eenceput colaborarea \u00een domeniul livr\u0103rilor de \nmedicamente \u0219i m\u0103rfuri periculoase (ADR).<br \/>Aceast\u0103 direc\u021bie ne-a permis s\u0103 p\u0103trundem \u00eentr-un nou segment \u0219i s\u0103 acumul\u0103m o \nexperien\u021b\u0103 valoroas\u0103 \u00eentr-un domeniu logistic de ni\u0219\u0103, care necesit\u0103 precizie ridicat\u0103 \u0219i \nrespectarea strict\u0103 a normelor de siguran\u021b\u0103.<br \/>Morari Transport GmbH continu\u0103 s\u0103 se dezvolte activ \u00een colaborarea cu Trans-o-flex,<br \/>consolid\u00e2ndu-\u0219i pozi\u021bia pe pia\u021ba logisticii<br \/>specializate.<br \/>\u3164<br \/>\u3164<\/p><\/div>      <\/div>\n<\/div>\n<div class=\"ue-card elementor-repeater-item-f3cad1a\">\n  \n  <div class=\"ue-slno\">\n    4          \n  <\/div>\n  \n  <div class=\"ue-info\">\n                    \t\n    <h3 class=\"ue-title\">Morari Logistik<\/h3>        <div class=\"ue-description\"><p class=\"translation-block\">Morari Logistik este o divizie intern\u0103 a companiei, responsabil\u0103 de transporturile \ninterna\u021bionale. \nOferim livr\u0103ri rapide, sigure \u0219i convenabile at\u00e2t \u00een Germania, c\u00e2t \u0219i \u00een afara \u021b\u0103rii. <br>\nServiciile Morari Logistik includ: <br>\n\u25cf Logistic\u0103 intern\u0103 pe teritoriul Germaniei<br> \n\u25cf Transport interna\u021bional <br>\n\u25cf Mut\u0103ri locale \u0219i interna\u021bionale <br>\n\u25cf Transport de m\u0103rfuri periculoase (ADR)<br> \nPrincipalul nostru avantaj \u2013 flota proprie, care ne permite s\u0103 oferim unele dintre cele mai \ncompetitive pre\u021buri de pe pia\u021b\u0103.<\/p><\/div>      <\/div>\n<\/div>\n<div class=\"ue-card elementor-repeater-item-3f235d7\">\n  \n  <div class=\"ue-slno\">\n    5          \n  <\/div>\n  \n  <div class=\"ue-info\">\n                    \t\n    <h3 class=\"ue-title\">Concluzie<\/h3>        <div class=\"ue-description\"><p class=\"translation-block\">Morari Transport GmbH este o echip\u0103 t\u00e2n\u0103r\u0103 \u0219i ambi\u021bioas\u0103 care, din 2017, a crescut de la \n6 curieri la o companie interna\u021bional\u0103 cu peste 100 de angaja\u021bi. \nNu ne temem de provoc\u0103ri \u0219i extindem constant gama noastr\u0103 de servicii. <br>\nCe ne face un partener de \u00eencredere?<br> \n\u25cf Documenta\u021bie complet\u0103 \u0219i oficial\u0103 pentru toate serviciile <br>\n\u25cf Toate licen\u021bele \u0219i autoriza\u021biile necesare <br>\n\u25cf Abordare direct\u0103 \u0219i sincer\u0103: \u201eNe da\u021bi sarcina \u2013 noi o rezolv\u0103m!\u201d <br>\nSuntem deschi\u0219i at\u00e2t la colabor\u0103ri noi, c\u00e2t \u0219i la profesioni\u0219ti care vor s\u0103 devin\u0103 parte din \nechipa noastr\u0103.<\/p><\/div>      <\/div>\n<\/div>\n\n    <\/div>\n  <\/div>\n<\/div>\n<!-- end Vertical Curved Timeline -->\t\t\t\t<\/div>\n\t\t\t\t<\/div>\n\t\t\t\t\t<\/div>\n\t\t\t\t<\/div>\n\t\t\t\t<\/div>","protected":false},"excerpt":{"rendered":"<p>1 \u0412\u0432\u043e\u0434\u043d\u044b\u0435 Morari Transport GmbH \u0431\u044b\u043b\u0430 \u043e\u0441\u043d\u043e\u0432\u0430\u043d\u0430 18 \u0441\u0435\u043d\u0442\u044f\u0431\u0440\u044f 2017 \u0433\u043e\u0434\u0430 \u043c\u043e\u043b\u043e\u0434\u044b\u043c\u043f\u0440\u0435\u0434\u043f\u0440\u0438\u043d\u0438\u043c\u0430\u0442\u0435\u043b\u0435\u043c \u0438\u0437 \u0420\u0435\u0441\u043f\u0443\u0431\u043b\u0438\u043a\u0438 \u041c\u043e\u043b\u0434\u043e\u0432\u0430 \u2014 Serghei Morari. \u0421 \u043c\u043e\u043c\u0435\u043d\u0442\u0430\u043e\u0441\u043d\u043e\u0432\u0430\u043d\u0438\u044f \u043a\u043e\u043c\u043f\u0430\u043d\u0438\u044f \u0430\u043a\u0442\u0438\u0432\u043d\u043e \u0440\u0430\u0437\u0432\u0438\u0432\u0430\u0435\u0442\u0441\u044f \u0432 \u0441\u0444\u0435\u0440\u0435 \u043b\u043e\u0433\u0438\u0441\u0442\u0438\u043a\u0438 \u0438 \u0433\u0440\u0443\u0437\u043e\u043f\u0435\u0440\u0435\u0432\u043e\u0437\u043e\u043a,\u043f\u0440\u0435\u0434\u043b\u0430\u0433\u0430\u044f \u0448\u0438\u0440\u043e\u043a\u0438\u0439 \u0441\u043f\u0435\u043a\u0442\u0440 \u0442\u0440\u0430\u043d\u0441\u043f\u043e\u0440\u0442\u043d\u044b\u0445 \u0440\u0435\u0448\u0435\u043d\u0438\u0439 \u043f\u043e \u0432\u0441\u0435\u0439 \u0415\u0432\u0440\u043e\u043f\u0435. \u0413\u043e\u043b\u043e\u0432\u043d\u043e\u0439\u043e\u0444\u0438\u0441 \u0440\u0430\u0441\u043f\u043e\u043b\u043e\u0436\u0435\u043d \u0432 \u0411\u0435\u0440\u043b\u0438\u043d\u0435, \u0430 \u0442\u0430\u043a\u0436\u0435 \u0444\u0443\u043d\u043a\u0446\u0438\u043e\u043d\u0438\u0440\u0443\u044e\u0442 \u043f\u0440\u0435\u0434\u0441\u0442\u0430\u0432\u0438\u0442\u0435\u043b\u044c\u0441\u0442\u0432\u0430 \u0432\u041c\u043e\u043b\u0434\u043e\u0432\u0435 \u0438 \u0420\u0443\u043c\u044b\u043d\u0438\u0438. \u041c\u044b \u043f\u0440\u0435\u0434\u043b\u0430\u0433\u0430\u0435\u043c \u0443\u0441\u043b\u0443\u0433\u0438 \u043a\u0443\u0440\u044c\u0435\u0440\u0441\u043a\u043e\u0439 \u0434\u043e\u0441\u0442\u0430\u0432\u043a\u0438, \u0432\u043a\u043b\u044e\u0447\u0430\u044f\u043c\u0435\u0434\u0438\u043a\u0430\u043c\u0435\u043d\u0442\u044b \u0438 \u043e\u043f\u0430\u0441\u043d\u044b\u0435 \u0433\u0440\u0443\u0437\u044b [&hellip;]<\/p>\n","protected":false},"author":1,"featured_media":0,"parent":0,"menu_order":0,"comment_status":"closed","ping_status":"closed","template":"elementor_header_footer","meta":{"_glsr_average":0,"_glsr_ranking":0,"_glsr_reviews":0,"footnotes":""},"class_list":["post-319","page","type-page","status-publish","hentry"],"_links":{"self":[{"href":"https:\/\/morari-transport.de\/ro\/wp-json\/wp\/v2\/pages\/319","targetHints":{"allow":["GET"]}}],"collection":[{"href":"https:\/\/morari-transport.de\/ro\/wp-json\/wp\/v2\/pages"}],"about":[{"href":"https:\/\/morari-transport.de\/ro\/wp-json\/wp\/v2\/types\/page"}],"author":[{"embeddable":true,"href":"https:\/\/morari-transport.de\/ro\/wp-json\/wp\/v2\/users\/1"}],"replies":[{"embeddable":true,"href":"https:\/\/morari-transport.de\/ro\/wp-json\/wp\/v2\/comments?post=319"}],"version-history":[{"count":21,"href":"https:\/\/morari-transport.de\/ro\/wp-json\/wp\/v2\/pages\/319\/revisions"}],"predecessor-version":[{"id":2352,"href":"https:\/\/morari-transport.de\/ro\/wp-json\/wp\/v2\/pages\/319\/revisions\/2352"}],"wp:attachment":[{"href":"https:\/\/morari-transport.de\/ro\/wp-json\/wp\/v2\/media?parent=319"}],"curies":[{"name":"wp","href":"https:\/\/api.w.org\/{rel}","templated":true}]}}